{"id":39232,"date":"2025-02-14T13:10:11","date_gmt":"2025-02-14T12:10:11","guid":{"rendered":"https:\/\/maitim.si\/?post_type=product&#038;p=39232"},"modified":"2026-03-31T12:13:05","modified_gmt":"2026-03-31T10:13:05","slug":"roman-lovilka-sanj","status":"publish","type":"product","link":"https:\/\/maitim.si\/en\/product\/roman-lovilka-sanj\/","title":{"rendered":"Roman Lovilka sanj"},"content":{"rendered":"\t\t<div data-elementor-type=\"wp-post\" data-elementor-id=\"39232\" class=\"elementor elementor-39232\">\n\t\t\t\t\t\t<section class=\"elementor-section elementor-top-section elementor-element elementor-element-11b49258 elementor-section-boxed elementor-section-height-default elementor-section-height-default jltma-glass-effect-no\" data-id=\"11b49258\" data-element_type=\"section\">\n\t\t\t\t\t\t<div class=\"elementor-container elementor-column-gap-default\">\n\t\t\t\t\t<div class=\"elementor-column elementor-col-100 elementor-top-column elementor-element elementor-element-7b3261db jltma-glass-effect-no\" data-id=\"7b3261db\" data-element_type=\"column\">\n\t\t\t<div class=\"elementor-widget-wrap elementor-element-populated\">\n\t\t\t\t\t\t<div class=\"elementor-element elementor-element-f4776c0 jltma-glass-effect-no elementor-widget elementor-widget-text-editor\" data-id=\"f4776c0\" data-element_type=\"widget\" data-widget_type=\"text-editor.default\">\n\t\t\t\t<div class=\"elementor-widget-container\">\n\t\t\t\t\t\t\t\t\t<p><strong>Zgodba za vse, ki si drznejo sanjati o \u010disti ljubezni, iskati resnice onkraj potro\u0161ni\u0161tva in raziskovati globine svoje du\u0161e.<\/strong><\/p><p>Mlada Kiana po dveh spodletelih romancah, ki jo pahneta na rob, v Edinburgu spozna Illana, pouli\u010dnega umetnika ju\u017enoameri\u0161kega rodu, ki v njej takoj prepozna sorodno du\u0161o. A njuna vez je vse prej kot obi\u010dajna.\u00a0Medtem ko Illan ru\u0161i opeke obzidja, za katerim je odra\u0161\u010dala, jo zmedenost in utesnjenost po\u017eeneta v odkrivanje druga\u010dnih na\u010dinov razmi\u0161ljanja. Pribli\u017ea se jim v Keniji, kjer s tal pobira \u010drepinje negotovega srca.<\/p><p>Avtorica v besede z lahkoto preliva tudi najgloblja \u010dustva in razmi\u0161ljanja. V burno ljubezensko zgodbo so mojstrsko vpete dru\u017eboslovne prvine, ki bralca na neprisiljen na\u010din opomnijo, da na dogodke in stanja ne more vedno gledati \u010drno-belo.<\/p><ul><li>Avtor: Alenka Ivan\u010di\u010d<\/li><li><span style=\"font-size: 16px;\">Zalo\u017eba: samozalo\u017eni\u0161ka<\/span><\/li><li><span style=\"font-size: 16px;\">Leto izida: 2016<\/span><\/li><li><span style=\"font-size: 16px;\">ISBN: 9789612837693<\/span><\/li><li><span style=\"font-size: 16px;\">Mehka vezava, 15 x 21 cm, 304 strani<\/span><\/li><\/ul><p><strong>Mnenja:<\/strong><\/p><p><em>\u00bbIzjemna knjiga! Zgodba, ki me je popeljala v tuje de\u017eele, v spomine na tiste prve iskrene ljubezni, v razmi\u0161ljanje o stereotipih in negativnih posledicah, ki jih prina\u0161ajo &#8230; In ne nazadnje zgodba, ki me mnogokrat spremlja tudi zdaj, ko sem knjigo \u017ee zaprla. Avtorica je mojstrsko vpletla razli\u010dna podro\u010dja v zgodbo, ki te povle\u010de in ne izpusti, dokler ne zajame\u0161 njenega konca, ki te iznenada preseneti \u0161e v pogledu na ljubezen, kakr\u0161no smo vsi neko\u010d izkusili. Priznam, da se mi je na koncu utrnila solzica. Ne solzica sre\u010de in ne \u017ealosti, temve\u010d solzica ganjenosti ob vsej globini, do katere knjiga se\u017ee.\u00ab<\/em><\/p><p><strong>pisateljica Petra \u0160karja<\/strong><\/p><p><em>&#8220;Kar nisem se mogla odtrgati od prebiranja. Avtorica se me je z vsebino dotaknila do te mere, da me je spodbudila k globljemu razmi\u0161ljanju o sebi, o \u017eivljenju, o ljubezni. Knjigo sem brala neverjetno hitro, saj so dogodki naslikani z lahkotno, a genialno slikovitostjo in natan\u010dnostjo. Opisi so me potisnili na tobogan \u010dustev, okuse hrane in izkustva de\u017eel sem do\u017eivljala z enako intenzivnostjo kot protagonistka. Zna\u0161la sem se v drugi dimenziji. Knjigo priporo\u010dam vsakomur, ki i\u0161\u010de pot do svoje izpolnitve in uresni\u010ditve sanj v tem norem 21. stoletju. V knjigi boste \u017eenske zagotovo na\u0161le odgovore na vpra\u0161anja, kot so: zakaj tako mo\u010dno \u010dutim? Zakaj je narobe, da tako mo\u010dno \u010dutim? Zakaj v tej dru\u017ebi ne smem biti tak\u0161na kot sem? Ali mo\u0161ki mojih sanj sploh obstaja? Sem naivna, ker \u0161e vedno verjamem v pravo ljubezen in si le-te neizmerno \u017eelim?&#8221;<\/em><\/p><p><strong>pevka Eva \u010cerne<\/strong><\/p><p>Ve\u010d o romanu: <a href=\"https:\/\/maitim.si\/lovilka-sanj\/\">Lovilka sanj &#8211; knjiga o ljubezni in potovanju v Kenijo<\/a><\/p>\t\t\t\t\t\t\t\t<\/div>\n\t\t\t\t<\/div>\n\t\t\t\t<div class=\"elementor-element elementor-element-62de33f jltma-glass-effect-no elementor-widget elementor-widget-image\" data-id=\"62de33f\" data-element_type=\"widget\" data-widget_type=\"image.default\">\n\t\t\t\t<div class=\"elementor-widget-container\">\n\t\t\t\t\t\t\t\t\t\t\t\t\t\t\t<img fetchpriority=\"high\" decoding=\"async\" width=\"1800\" height=\"1200\" src=\"https:\/\/maitim.si\/wp-content\/uploads\/2025\/03\/roman-lovilka-sanj-alenka-ivancic-cover-knjiga.jpg\" class=\"attachment-full size-full wp-image-39603\" alt=\"\" srcset=\"https:\/\/maitim.si\/wp-content\/uploads\/2025\/03\/roman-lovilka-sanj-alenka-ivancic-cover-knjiga.jpg 1800w, https:\/\/maitim.si\/wp-content\/uploads\/2025\/03\/roman-lovilka-sanj-alenka-ivancic-cover-knjiga-300x200.jpg 300w, https:\/\/maitim.si\/wp-content\/uploads\/2025\/03\/roman-lovilka-sanj-alenka-ivancic-cover-knjiga-1024x683.jpg 1024w, https:\/\/maitim.si\/wp-content\/uploads\/2025\/03\/roman-lovilka-sanj-alenka-ivancic-cover-knjiga-768x512.jpg 768w, https:\/\/maitim.si\/wp-content\/uploads\/2025\/03\/roman-lovilka-sanj-alenka-ivancic-cover-knjiga-1536x1024.jpg 1536w, https:\/\/maitim.si\/wp-content\/uploads\/2025\/03\/roman-lovilka-sanj-alenka-ivancic-cover-knjiga-600x400.jpg 600w\" sizes=\"(max-width: 1800px) 100vw, 1800px\" \/>\t\t\t\t\t\t\t\t\t\t\t\t\t\t\t<\/div>\n\t\t\t\t<\/div>\n\t\t\t\t<div class=\"elementor-element elementor-element-fa4ac5d elementor-icon-list--layout-traditional elementor-list-item-link-full_width jltma-glass-effect-no elementor-widget elementor-widget-icon-list\" data-id=\"fa4ac5d\" data-element_type=\"widget\" data-widget_type=\"icon-list.default\">\n\t\t\t\t<div class=\"elementor-widget-container\">\n\t\t\t\t\t\t\t<ul class=\"elementor-icon-list-items\">\n\t\t\t\t\t\t\t<li class=\"elementor-icon-list-item\">\n\t\t\t\t\t\t\t\t\t\t\t<span class=\"elementor-icon-list-icon\">\n\t\t\t\t\t\t\t<i aria-hidden=\"true\" class=\"im im-photo-camera\"><\/i>\t\t\t\t\t\t<\/span>\n\t\t\t\t\t\t\t\t\t\t<span class=\"elementor-icon-list-text\">Metka Komatar<\/span>\n\t\t\t\t\t\t\t\t\t<\/li>\n\t\t\t\t\t\t<\/ul>\n\t\t\t\t\t\t<\/div>\n\t\t\t\t<\/div>\n\t\t\t\t\t<\/div>\n\t\t<\/div>\n\t\t\t\t\t<\/div>\n\t\t<\/section>\n\t\t\t\t<\/div>\n\t\t","protected":false},"excerpt":{"rendered":"<p><strong>Ljubezensko-potopisni roman<\/strong>, ki ti napolni du\u0161o. Zate. Izpod peresa pisateljice Alenke Ivan\u010di\u010d.<\/p>\n<p>\u00bbKo je umaknila pogled z veli\u010dastne viktorijansko-baro\u010dne kreacije, ji je med lasmi z vetrom zaplapolala magi\u010dna melodija \u2026 Kot iz drugega sveta, duhovna, nadnaravna, \u010dista \u2026 Ni mogla biti del mestnega vrve\u017ea, a vendar, prihajala je od blizu, kot \u010darovnija jo je potegnila k sebi.\u00ab<\/p>\n","protected":false},"featured_media":39610,"comment_status":"open","ping_status":"closed","template":"","meta":{"site-sidebar-layout":"default","site-content-layout":"","ast-site-content-layout":"default","site-content-style":"default","site-sidebar-style":"default","ast-global-header-display":"","ast-banner-title-visibility":"","ast-main-header-display":"","ast-hfb-above-header-display":"","ast-hfb-below-header-display":"","ast-hfb-mobile-header-display":"","site-post-title":"","ast-breadcrumbs-content":"","ast-featured-img":"","footer-sml-layout":"","theme-transparent-header-meta":"default","adv-header-id-meta":"","stick-header-meta":"","header-above-stick-meta":"","header-main-stick-meta":"","header-below-stick-meta":"","astra-migrate-meta-layouts":"set","ast-page-background-enabled":"default","ast-page-background-meta":{"desktop":{"background-color":"","background-image":"","background-repeat":"repeat","background-position":"center center","background-size":"auto","background-attachment":"scroll","background-type":"","background-media":"","overlay-type":"","overlay-color":"","overlay-gradient":""},"tablet":{"background-color":"","background-image":"","background-repeat":"repeat","background-position":"center center","background-size":"auto","background-attachment":"scroll","background-type":"","background-media":"","overlay-type":"","overlay-color":"","overlay-gradient":""},"mobile":{"background-color":"","background-image":"","background-repeat":"repeat","background-position":"center center","background-size":"auto","background-attachment":"scroll","background-type":"","background-media":"","overlay-type":"","overlay-color":"","overlay-gradient":""}},"ast-content-background-meta":{"desktop":{"background-color":"var(--ast-global-color-5)","background-image":"","background-repeat":"repeat","background-position":"center center","background-size":"auto","background-attachment":"scroll","background-type":"","background-media":"","overlay-type":"","overlay-color":"","overlay-gradient":""},"tablet":{"background-color":"var(--ast-global-color-5)","background-image":"","background-repeat":"repeat","background-position":"center center","background-size":"auto","background-attachment":"scroll","background-type":"","background-media":"","overlay-type":"","overlay-color":"","overlay-gradient":""},"mobile":{"background-color":"var(--ast-global-color-5)","background-image":"","background-repeat":"repeat","background-position":"center center","background-size":"auto","background-attachment":"scroll","background-type":"","background-media":"","overlay-type":"","overlay-color":"","overlay-gradient":""}}},"product_brand":[],"product_cat":[98],"product_tag":[],"class_list":{"0":"post-39232","1":"product","2":"type-product","3":"status-publish","4":"has-post-thumbnail","6":"product_cat-knjige","7":"desktop-align-left","8":"tablet-align-left","9":"mobile-align-left","11":"first","12":"instock","13":"sale","14":"featured","15":"taxable","16":"shipping-taxable","17":"purchasable","18":"product-type-simple"},"yoast_head":"<!-- This site is optimized with the Yoast SEO plugin v27.5 - https:\/\/yoast.com\/product\/yoast-seo-wordpress\/ -->\n<title>Roman Lovilka sanj - Maitim<\/title>\n<meta name=\"description\" content=\"Raziskuj globine svoje du\u0161e in potuj po Keniji. Preberi ljubezensko-potopisni roman Lovilka sanj pisateljice Alenke Ivan\u010di\u010d.\" \/>\n<meta name=\"robots\" content=\"index, follow, max-snippet:-1, max-image-preview:large, max-video-preview:-1\" \/>\n<link rel=\"canonical\" href=\"https:\/\/maitim.si\/product\/roman-lovilka-sanj\/\" \/>\n<meta property=\"og:locale\" content=\"en_US\" \/>\n<meta property=\"og:type\" content=\"article\" \/>\n<meta property=\"og:title\" content=\"Roman Lovilka sanj - Maitim\" \/>\n<meta property=\"og:description\" content=\"Raziskuj globine svoje du\u0161e in potuj po Keniji. Preberi ljubezensko-potopisni roman Lovilka sanj pisateljice Alenke Ivan\u010di\u010d.\" \/>\n<meta property=\"og:url\" content=\"https:\/\/maitim.si\/product\/roman-lovilka-sanj\/\" \/>\n<meta property=\"og:site_name\" content=\"Maitim\" \/>\n<meta property=\"article:publisher\" content=\"https:\/\/www.facebook.com\/maitimcomputers\" \/>\n<meta property=\"article:modified_time\" content=\"2026-03-31T10:13:05+00:00\" \/>\n<meta property=\"og:image\" content=\"https:\/\/maitim.si\/wp-content\/uploads\/2025\/03\/knjiga-lovilka-sanj-ljubezensko-potopisni-roman-83.jpg\" \/>\n\t<meta property=\"og:image:width\" content=\"751\" \/>\n\t<meta property=\"og:image:height\" content=\"751\" \/>\n\t<meta property=\"og:image:type\" content=\"image\/jpeg\" \/>\n<meta name=\"twitter:card\" content=\"summary_large_image\" \/>\n<meta name=\"twitter:label1\" content=\"Est. reading time\" \/>\n\t<meta name=\"twitter:data1\" content=\"3 minutes\" \/>\n<script type=\"application\/ld+json\" class=\"yoast-schema-graph\">{\"@context\":\"https:\\\/\\\/schema.org\",\"@graph\":[{\"@type\":\"WebPage\",\"@id\":\"https:\\\/\\\/maitim.si\\\/product\\\/roman-lovilka-sanj\\\/\",\"url\":\"https:\\\/\\\/maitim.si\\\/product\\\/roman-lovilka-sanj\\\/\",\"name\":\"Roman Lovilka sanj - Maitim\",\"isPartOf\":{\"@id\":\"https:\\\/\\\/maitim.si\\\/#website\"},\"primaryImageOfPage\":{\"@id\":\"https:\\\/\\\/maitim.si\\\/product\\\/roman-lovilka-sanj\\\/#primaryimage\"},\"image\":{\"@id\":\"https:\\\/\\\/maitim.si\\\/product\\\/roman-lovilka-sanj\\\/#primaryimage\"},\"thumbnailUrl\":\"https:\\\/\\\/maitim.si\\\/wp-content\\\/uploads\\\/2025\\\/03\\\/knjiga-lovilka-sanj-ljubezensko-potopisni-roman-83.jpg\",\"datePublished\":\"2025-02-14T12:10:11+00:00\",\"dateModified\":\"2026-03-31T10:13:05+00:00\",\"description\":\"Raziskuj globine svoje du\u0161e in potuj po Keniji. Preberi ljubezensko-potopisni roman Lovilka sanj pisateljice Alenke Ivan\u010di\u010d.\",\"breadcrumb\":{\"@id\":\"https:\\\/\\\/maitim.si\\\/product\\\/roman-lovilka-sanj\\\/#breadcrumb\"},\"inLanguage\":\"en-US\",\"potentialAction\":[{\"@type\":\"ReadAction\",\"target\":[\"https:\\\/\\\/maitim.si\\\/product\\\/roman-lovilka-sanj\\\/\"]}]},{\"@type\":\"ImageObject\",\"inLanguage\":\"en-US\",\"@id\":\"https:\\\/\\\/maitim.si\\\/product\\\/roman-lovilka-sanj\\\/#primaryimage\",\"url\":\"https:\\\/\\\/maitim.si\\\/wp-content\\\/uploads\\\/2025\\\/03\\\/knjiga-lovilka-sanj-ljubezensko-potopisni-roman-83.jpg\",\"contentUrl\":\"https:\\\/\\\/maitim.si\\\/wp-content\\\/uploads\\\/2025\\\/03\\\/knjiga-lovilka-sanj-ljubezensko-potopisni-roman-83.jpg\",\"width\":751,\"height\":751},{\"@type\":\"BreadcrumbList\",\"@id\":\"https:\\\/\\\/maitim.si\\\/product\\\/roman-lovilka-sanj\\\/#breadcrumb\",\"itemListElement\":[{\"@type\":\"ListItem\",\"position\":1,\"name\":\"Home\",\"item\":\"https:\\\/\\\/maitim.si\\\/\"},{\"@type\":\"ListItem\",\"position\":2,\"name\":\"Trgovina\",\"item\":\"https:\\\/\\\/maitim.si\\\/trgovina\\\/\"},{\"@type\":\"ListItem\",\"position\":3,\"name\":\"Roman Lovilka sanj\"}]},{\"@type\":\"WebSite\",\"@id\":\"https:\\\/\\\/maitim.si\\\/#website\",\"url\":\"https:\\\/\\\/maitim.si\\\/\",\"name\":\"Maitim\",\"description\":\"Sopotnik va\u0161ega razvoja\",\"publisher\":{\"@id\":\"https:\\\/\\\/maitim.si\\\/#organization\"},\"potentialAction\":[{\"@type\":\"SearchAction\",\"target\":{\"@type\":\"EntryPoint\",\"urlTemplate\":\"https:\\\/\\\/maitim.si\\\/?s={search_term_string}\"},\"query-input\":{\"@type\":\"PropertyValueSpecification\",\"valueRequired\":true,\"valueName\":\"search_term_string\"}}],\"inLanguage\":\"en-US\"},{\"@type\":\"Organization\",\"@id\":\"https:\\\/\\\/maitim.si\\\/#organization\",\"name\":\"MAITIM d.o.o.\",\"url\":\"https:\\\/\\\/maitim.si\\\/\",\"logo\":{\"@type\":\"ImageObject\",\"inLanguage\":\"en-US\",\"@id\":\"https:\\\/\\\/maitim.si\\\/#\\\/schema\\\/logo\\\/image\\\/\",\"url\":\"https:\\\/\\\/maitim.si\\\/wp-content\\\/uploads\\\/2021\\\/02\\\/Image1.jpg\",\"contentUrl\":\"https:\\\/\\\/maitim.si\\\/wp-content\\\/uploads\\\/2021\\\/02\\\/Image1.jpg\",\"width\":300,\"height\":300,\"caption\":\"MAITIM d.o.o.\"},\"image\":{\"@id\":\"https:\\\/\\\/maitim.si\\\/#\\\/schema\\\/logo\\\/image\\\/\"},\"sameAs\":[\"https:\\\/\\\/www.facebook.com\\\/maitimcomputers\",\"https:\\\/\\\/www.linkedin.com\\\/company\\\/maitim-d-o-o\\\/\"]}]}<\/script>\n<!-- \/ Yoast SEO plugin. -->","yoast_head_json":{"title":"Roman Lovilka sanj - Maitim","description":"Raziskuj globine svoje du\u0161e in potuj po Keniji. Preberi ljubezensko-potopisni roman Lovilka sanj pisateljice Alenke Ivan\u010di\u010d.","robots":{"index":"index","follow":"follow","max-snippet":"max-snippet:-1","max-image-preview":"max-image-preview:large","max-video-preview":"max-video-preview:-1"},"canonical":"https:\/\/maitim.si\/product\/roman-lovilka-sanj\/","og_locale":"en_US","og_type":"article","og_title":"Roman Lovilka sanj - Maitim","og_description":"Raziskuj globine svoje du\u0161e in potuj po Keniji. Preberi ljubezensko-potopisni roman Lovilka sanj pisateljice Alenke Ivan\u010di\u010d.","og_url":"https:\/\/maitim.si\/product\/roman-lovilka-sanj\/","og_site_name":"Maitim","article_publisher":"https:\/\/www.facebook.com\/maitimcomputers","article_modified_time":"2026-03-31T10:13:05+00:00","og_image":[{"width":751,"height":751,"url":"https:\/\/maitim.si\/wp-content\/uploads\/2025\/03\/knjiga-lovilka-sanj-ljubezensko-potopisni-roman-83.jpg","type":"image\/jpeg"}],"twitter_card":"summary_large_image","twitter_misc":{"Est. reading time":"3 minutes"},"schema":{"@context":"https:\/\/schema.org","@graph":[{"@type":"WebPage","@id":"https:\/\/maitim.si\/product\/roman-lovilka-sanj\/","url":"https:\/\/maitim.si\/product\/roman-lovilka-sanj\/","name":"Roman Lovilka sanj - Maitim","isPartOf":{"@id":"https:\/\/maitim.si\/#website"},"primaryImageOfPage":{"@id":"https:\/\/maitim.si\/product\/roman-lovilka-sanj\/#primaryimage"},"image":{"@id":"https:\/\/maitim.si\/product\/roman-lovilka-sanj\/#primaryimage"},"thumbnailUrl":"https:\/\/maitim.si\/wp-content\/uploads\/2025\/03\/knjiga-lovilka-sanj-ljubezensko-potopisni-roman-83.jpg","datePublished":"2025-02-14T12:10:11+00:00","dateModified":"2026-03-31T10:13:05+00:00","description":"Raziskuj globine svoje du\u0161e in potuj po Keniji. Preberi ljubezensko-potopisni roman Lovilka sanj pisateljice Alenke Ivan\u010di\u010d.","breadcrumb":{"@id":"https:\/\/maitim.si\/product\/roman-lovilka-sanj\/#breadcrumb"},"inLanguage":"en-US","potentialAction":[{"@type":"ReadAction","target":["https:\/\/maitim.si\/product\/roman-lovilka-sanj\/"]}]},{"@type":"ImageObject","inLanguage":"en-US","@id":"https:\/\/maitim.si\/product\/roman-lovilka-sanj\/#primaryimage","url":"https:\/\/maitim.si\/wp-content\/uploads\/2025\/03\/knjiga-lovilka-sanj-ljubezensko-potopisni-roman-83.jpg","contentUrl":"https:\/\/maitim.si\/wp-content\/uploads\/2025\/03\/knjiga-lovilka-sanj-ljubezensko-potopisni-roman-83.jpg","width":751,"height":751},{"@type":"BreadcrumbList","@id":"https:\/\/maitim.si\/product\/roman-lovilka-sanj\/#breadcrumb","itemListElement":[{"@type":"ListItem","position":1,"name":"Home","item":"https:\/\/maitim.si\/"},{"@type":"ListItem","position":2,"name":"Trgovina","item":"https:\/\/maitim.si\/trgovina\/"},{"@type":"ListItem","position":3,"name":"Roman Lovilka sanj"}]},{"@type":"WebSite","@id":"https:\/\/maitim.si\/#website","url":"https:\/\/maitim.si\/","name":"Maitim","description":"Sopotnik va\u0161ega razvoja","publisher":{"@id":"https:\/\/maitim.si\/#organization"},"potentialAction":[{"@type":"SearchAction","target":{"@type":"EntryPoint","urlTemplate":"https:\/\/maitim.si\/?s={search_term_string}"},"query-input":{"@type":"PropertyValueSpecification","valueRequired":true,"valueName":"search_term_string"}}],"inLanguage":"en-US"},{"@type":"Organization","@id":"https:\/\/maitim.si\/#organization","name":"MAITIM d.o.o.","url":"https:\/\/maitim.si\/","logo":{"@type":"ImageObject","inLanguage":"en-US","@id":"https:\/\/maitim.si\/#\/schema\/logo\/image\/","url":"https:\/\/maitim.si\/wp-content\/uploads\/2021\/02\/Image1.jpg","contentUrl":"https:\/\/maitim.si\/wp-content\/uploads\/2021\/02\/Image1.jpg","width":300,"height":300,"caption":"MAITIM d.o.o."},"image":{"@id":"https:\/\/maitim.si\/#\/schema\/logo\/image\/"},"sameAs":["https:\/\/www.facebook.com\/maitimcomputers","https:\/\/www.linkedin.com\/company\/maitim-d-o-o\/"]}]}},"_links":{"self":[{"href":"https:\/\/maitim.si\/en\/wp-json\/wp\/v2\/product\/39232","targetHints":{"allow":["GET"]}}],"collection":[{"href":"https:\/\/maitim.si\/en\/wp-json\/wp\/v2\/product"}],"about":[{"href":"https:\/\/maitim.si\/en\/wp-json\/wp\/v2\/types\/product"}],"replies":[{"embeddable":true,"href":"https:\/\/maitim.si\/en\/wp-json\/wp\/v2\/comments?post=39232"}],"version-history":[{"count":7,"href":"https:\/\/maitim.si\/en\/wp-json\/wp\/v2\/product\/39232\/revisions"}],"predecessor-version":[{"id":47801,"href":"https:\/\/maitim.si\/en\/wp-json\/wp\/v2\/product\/39232\/revisions\/47801"}],"wp:featuredmedia":[{"embeddable":true,"href":"https:\/\/maitim.si\/en\/wp-json\/wp\/v2\/media\/39610"}],"wp:attachment":[{"href":"https:\/\/maitim.si\/en\/wp-json\/wp\/v2\/media?parent=39232"}],"wp:term":[{"taxonomy":"product_brand","embeddable":true,"href":"https:\/\/maitim.si\/en\/wp-json\/wp\/v2\/product_brand?post=39232"},{"taxonomy":"product_cat","embeddable":true,"href":"https:\/\/maitim.si\/en\/wp-json\/wp\/v2\/product_cat?post=39232"},{"taxonomy":"product_tag","embeddable":true,"href":"https:\/\/maitim.si\/en\/wp-json\/wp\/v2\/product_tag?post=39232"}],"curies":[{"name":"wp","href":"https:\/\/api.w.org\/{rel}","templated":true}]}}