{"id":38431,"date":"2021-02-08T17:32:34","date_gmt":"2021-02-08T16:32:34","guid":{"rendered":"https:\/\/maitim.si\/odrzivi-razvoj\/"},"modified":"2025-06-11T15:53:08","modified_gmt":"2025-06-11T13:53:08","slug":"odrzivi-razvoj","status":"publish","type":"page","link":"https:\/\/maitim.si\/hr\/odrzivi-razvoj\/","title":{"rendered":"Odr\u017eivi razvoj"},"content":{"rendered":"\t\t<div data-elementor-type=\"wp-page\" data-elementor-id=\"38431\" class=\"elementor elementor-38431 elementor-25101\">\n\t\t\t\t\t\t<section class=\"elementor-section elementor-top-section elementor-element elementor-element-20ebbfa elementor-section-boxed elementor-section-height-default elementor-section-height-default jltma-glass-effect-no\" data-id=\"20ebbfa\" data-element_type=\"section\" data-settings=\"{&quot;background_background&quot;:&quot;classic&quot;}\">\n\t\t\t\t\t\t\t<div class=\"elementor-background-overlay\"><\/div>\n\t\t\t\t\t\t\t<div class=\"elementor-container elementor-column-gap-default\">\n\t\t\t\t\t<div class=\"elementor-column elementor-col-50 elementor-top-column elementor-element elementor-element-c344dec jltma-glass-effect-no\" data-id=\"c344dec\" data-element_type=\"column\">\n\t\t\t<div class=\"elementor-widget-wrap elementor-element-populated\">\n\t\t\t\t\t\t<div class=\"elementor-element elementor-element-816f4df jltma-glass-effect-no elementor-invisible elementor-widget elementor-widget-heading\" data-id=\"816f4df\" data-element_type=\"widget\" data-settings=\"{&quot;_animation&quot;:&quot;fadeIn&quot;,&quot;_animation_delay&quot;:100}\" data-widget_type=\"heading.default\">\n\t\t\t\t<div class=\"elementor-widget-container\">\n\t\t\t\t\t<h1 class=\"elementor-heading-title elementor-size-default\">E-ENERGIJA <\/h1>\t\t\t\t<\/div>\n\t\t\t\t<\/div>\n\t\t\t\t<div class=\"elementor-element elementor-element-05f9b89 jltma-glass-effect-no elementor-widget elementor-widget-text-editor\" data-id=\"05f9b89\" data-element_type=\"widget\" data-widget_type=\"text-editor.default\">\n\t\t\t\t<div class=\"elementor-widget-container\">\n\t\t\t\t\t\t\t\t\t<p>U MAITIMU nastojimo izgraditi odr\u017eive gradove. Zajedno mo\u017eemo pobolj\u0161ati na\u0161 okoli\u0161 urbanim planiranjem koje se temelji na obnovljivim izvorima energije.<\/p>\n\t\t\t\t\t\t\t\t<\/div>\n\t\t\t\t<\/div>\n\t\t\t\t<div class=\"elementor-element elementor-element-0af334e elementor-mobile-align-center jltma-glass-effect-no elementor-widget elementor-widget-button\" data-id=\"0af334e\" data-element_type=\"widget\" data-widget_type=\"button.default\">\n\t\t\t\t<div class=\"elementor-widget-container\">\n\t\t\t\t\t\t\t\t\t<div class=\"elementor-button-wrapper\">\n\t\t\t\t\t<a class=\"elementor-button elementor-button-link elementor-size-sm elementor-animation-float\" href=\"https:\/\/maitim.si\/o-nas\/\">\n\t\t\t\t\t\t<span class=\"elementor-button-content-wrapper\">\n\t\t\t\t\t\t\t\t\t<span class=\"elementor-button-text\">TKO SMO MI? UPOZNAJTE NAS!<\/span>\n\t\t\t\t\t<\/span>\n\t\t\t\t\t<\/a>\n\t\t\t\t<\/div>\n\t\t\t\t\t\t\t\t<\/div>\n\t\t\t\t<\/div>\n\t\t\t\t\t<\/div>\n\t\t<\/div>\n\t\t\t\t<div class=\"elementor-column elementor-col-50 elementor-top-column elementor-element elementor-element-0f3c556 jltma-glass-effect-no\" data-id=\"0f3c556\" data-element_type=\"column\">\n\t\t\t<div class=\"elementor-widget-wrap\">\n\t\t\t\t\t\t\t<\/div>\n\t\t<\/div>\n\t\t\t\t\t<\/div>\n\t\t<\/section>\n\t\t\t\t<section class=\"elementor-section elementor-top-section elementor-element elementor-element-03dde3b elementor-section-boxed elementor-section-height-default elementor-section-height-default jltma-glass-effect-no\" data-id=\"03dde3b\" data-element_type=\"section\">\n\t\t\t\t\t\t<div class=\"elementor-container elementor-column-gap-default\">\n\t\t\t\t\t<div class=\"elementor-column elementor-col-100 elementor-top-column elementor-element elementor-element-1c04ce7 jltma-glass-effect-no\" data-id=\"1c04ce7\" data-element_type=\"column\">\n\t\t\t<div class=\"elementor-widget-wrap elementor-element-populated\">\n\t\t\t\t\t\t<div class=\"elementor-element elementor-element-1a69837 jltma-glass-effect-no elementor-invisible elementor-widget elementor-widget-heading\" data-id=\"1a69837\" data-element_type=\"widget\" data-settings=\"{&quot;_animation&quot;:&quot;fadeIn&quot;}\" data-widget_type=\"heading.default\">\n\t\t\t\t<div class=\"elementor-widget-container\">\n\t\t\t\t\t<h2 class=\"elementor-heading-title elementor-size-default\">Na\u0161a rje\u0161enja za odr\u017eivu energiju<\/h2>\t\t\t\t<\/div>\n\t\t\t\t<\/div>\n\t\t\t\t\t<\/div>\n\t\t<\/div>\n\t\t\t\t\t<\/div>\n\t\t<\/section>\n\t\t\t\t<section class=\"elementor-section elementor-top-section elementor-element elementor-element-7273668 elementor-section-boxed elementor-section-height-default elementor-section-height-default jltma-glass-effect-no\" data-id=\"7273668\" data-element_type=\"section\">\n\t\t\t\t\t\t<div class=\"elementor-container elementor-column-gap-default\">\n\t\t\t\t\t<div class=\"elementor-column elementor-col-100 elementor-top-column elementor-element elementor-element-8429375 jltma-glass-effect-no\" data-id=\"8429375\" data-element_type=\"column\">\n\t\t\t<div class=\"elementor-widget-wrap elementor-element-populated\">\n\t\t\t\t\t\t<div class=\"elementor-element elementor-element-f972e47 elementor-widget-divider--view-line jltma-glass-effect-no elementor-widget elementor-widget-divider\" data-id=\"f972e47\" data-element_type=\"widget\" data-widget_type=\"divider.default\">\n\t\t\t\t<div class=\"elementor-widget-container\">\n\t\t\t\t\t\t\t<div class=\"elementor-divider\">\n\t\t\t<span class=\"elementor-divider-separator\">\n\t\t\t\t\t\t<\/span>\n\t\t<\/div>\n\t\t\t\t\t\t<\/div>\n\t\t\t\t<\/div>\n\t\t\t\t<div class=\"elementor-element elementor-element-a00b859 jltma-glass-effect-no elementor-widget elementor-widget-text-editor\" data-id=\"a00b859\" data-element_type=\"widget\" data-widget_type=\"text-editor.default\">\n\t\t\t\t<div class=\"elementor-widget-container\">\n\t\t\t\t\t\t\t\t\t<p>U na\u0161oj tvrtki posve\u0107eni smo smanjenju pritisaka na okoli\u0161 i podr\u017eavamo na\u010dine koji \u0107e nas voditi prema budu\u0107nosti u kojoj se priroda su\u017eivljava i po\u0161tuje. Kako bismo podr\u017eali ekolo\u0161ku svijest, pridru\u017eili smo se shemi modernih rje\u0161enja u podru\u010djima odr\u017eivog razvoja, obnovljivih izvora energije i elektri\u010dne mobilnosti pod nazivom MAITIM e-energy. Nudimo moderne, visoko performantne, visoko funkcionalne i kvalitetne solarne LED uli\u010dne svjetiljke, kao i univerzalne punionice za elektri\u010dne bicikle, BI-charged. Potonje smo pa\u017eljivo osmislili i razvili u suradnji s izvrsnim slovenskim dizajnerima upravo u tvrtki MAITIM. Stvorili smo jedinstvene, univerzalne, funkcionalne, tehnolo\u0161ki i stilski usavr\u0161ene stanice za punjenje e-bicikala koje se, poput kameleona, prilago\u0111avaju urbanoj, ruralnoj ili planinskoj okolini modularnim dizajnom i raznim nosa\u010dima.<\/p>\n\t\t\t\t\t\t\t\t<\/div>\n\t\t\t\t<\/div>\n\t\t\t\t\t<\/div>\n\t\t<\/div>\n\t\t\t\t\t<\/div>\n\t\t<\/section>\n\t\t\t\t<section class=\"elementor-section elementor-top-section elementor-element elementor-element-3f52bb6 elementor-section-boxed elementor-section-height-default elementor-section-height-default jltma-glass-effect-no\" data-id=\"3f52bb6\" data-element_type=\"section\">\n\t\t\t\t\t\t<div class=\"elementor-container elementor-column-gap-custom\">\n\t\t\t\t\t<div class=\"elementor-column elementor-col-50 elementor-top-column elementor-element elementor-element-5225e31 jltma-glass-effect-no\" data-id=\"5225e31\" data-element_type=\"column\">\n\t\t\t<div class=\"elementor-widget-wrap elementor-element-populated\">\n\t\t\t\t\t\t<div class=\"elementor-element elementor-element-901b518 jltma-glass-effect-no elementor-invisible elementor-widget elementor-widget-image\" data-id=\"901b518\" data-element_type=\"widget\" data-settings=\"{&quot;_animation&quot;:&quot;fadeIn&quot;}\" data-widget_type=\"image.default\">\n\t\t\t\t<div class=\"elementor-widget-container\">\n\t\t\t\t\t\t\t\t\t\t\t\t\t\t\t\t<a href=\"https:\/\/maitim.si\/zelena-energija\/polnilne-postaje-za-ekolesa-ppek\/\">\n\t\t\t\t\t\t\t<img fetchpriority=\"high\" decoding=\"async\" width=\"700\" height=\"700\" src=\"https:\/\/maitim.si\/wp-content\/uploads\/2025\/03\/polnilnica-priklop-elektricnega-kolesa-s-kablom-ljubljana.jpg\" class=\"elementor-animation-float attachment-full size-full wp-image-40858\" alt=\"\" srcset=\"https:\/\/maitim.si\/wp-content\/uploads\/2025\/03\/polnilnica-priklop-elektricnega-kolesa-s-kablom-ljubljana.jpg 700w, https:\/\/maitim.si\/wp-content\/uploads\/2025\/03\/polnilnica-priklop-elektricnega-kolesa-s-kablom-ljubljana-300x300.jpg 300w, https:\/\/maitim.si\/wp-content\/uploads\/2025\/03\/polnilnica-priklop-elektricnega-kolesa-s-kablom-ljubljana-150x150.jpg 150w, https:\/\/maitim.si\/wp-content\/uploads\/2025\/03\/polnilnica-priklop-elektricnega-kolesa-s-kablom-ljubljana-600x600.jpg 600w, https:\/\/maitim.si\/wp-content\/uploads\/2025\/03\/polnilnica-priklop-elektricnega-kolesa-s-kablom-ljubljana-100x100.jpg 100w\" sizes=\"(max-width: 700px) 100vw, 700px\" \/>\t\t\t\t\t\t\t\t<\/a>\n\t\t\t\t\t\t\t\t\t\t\t\t\t\t\t<\/div>\n\t\t\t\t<\/div>\n\t\t\t\t<div class=\"elementor-element elementor-element-5f3f6e5 jltma-glass-effect-no elementor-widget elementor-widget-heading\" data-id=\"5f3f6e5\" data-element_type=\"widget\" data-widget_type=\"heading.default\">\n\t\t\t\t<div class=\"elementor-widget-container\">\n\t\t\t\t\t<h2 class=\"elementor-heading-title elementor-size-default\">PUNIONICE ZA ELEKTRI\u010cNE BICIKLE<\/h2>\t\t\t\t<\/div>\n\t\t\t\t<\/div>\n\t\t\t\t<div class=\"elementor-element elementor-element-25a2244 jltma-glass-effect-no elementor-widget elementor-widget-text-editor\" data-id=\"25a2244\" data-element_type=\"widget\" data-widget_type=\"text-editor.default\">\n\t\t\t\t<div class=\"elementor-widget-container\">\n\t\t\t\t\t\t\t\t\t<p>BI-CHARGED punionice za e-bicikle\u00a0<strong>dobitnice su bron\u010dane nagrade za inovacije 2024<\/strong>! U MAITIM-u razumijemo va\u017enost inovacija, stoga smo dizajnirali punionice za elektri\u010dne bicikle kompatibilne sa svim modelima. Opremljene su tehnolo\u0161ki naprednim sustavom koji osigurava sigurno i u\u010dinkovito punjenje.<\/p>\n\t\t\t\t\t\t\t\t<\/div>\n\t\t\t\t<\/div>\n\t\t\t\t<div class=\"elementor-element elementor-element-08a428f elementor-align-center jltma-glass-effect-no elementor-widget elementor-widget-button\" data-id=\"08a428f\" data-element_type=\"widget\" data-widget_type=\"button.default\">\n\t\t\t\t<div class=\"elementor-widget-container\">\n\t\t\t\t\t\t\t\t\t<div class=\"elementor-button-wrapper\">\n\t\t\t\t\t<a class=\"elementor-button elementor-button-link elementor-size-sm\" href=\"https:\/\/maitim.si\/zelena-energija\/polnilne-postaje-za-ekolesa-ppek\/\">\n\t\t\t\t\t\t<span class=\"elementor-button-content-wrapper\">\n\t\t\t\t\t\t\t\t\t<span class=\"elementor-button-text\">INTERESUJE ME<\/span>\n\t\t\t\t\t<\/span>\n\t\t\t\t\t<\/a>\n\t\t\t\t<\/div>\n\t\t\t\t\t\t\t\t<\/div>\n\t\t\t\t<\/div>\n\t\t\t\t\t<\/div>\n\t\t<\/div>\n\t\t\t\t<div class=\"elementor-column elementor-col-50 elementor-top-column elementor-element elementor-element-77c0782 jltma-glass-effect-no\" data-id=\"77c0782\" data-element_type=\"column\">\n\t\t\t<div class=\"elementor-widget-wrap elementor-element-populated\">\n\t\t\t\t\t\t<div class=\"elementor-element elementor-element-edad3f3 jltma-glass-effect-no elementor-invisible elementor-widget elementor-widget-image\" data-id=\"edad3f3\" data-element_type=\"widget\" data-settings=\"{&quot;_animation&quot;:&quot;fadeIn&quot;}\" data-widget_type=\"image.default\">\n\t\t\t\t<div class=\"elementor-widget-container\">\n\t\t\t\t\t\t\t\t\t\t\t\t\t\t\t\t<a href=\"https:\/\/maitim.si\/zelena-energija\/solarna-led-ulicna-razsvetljava-2\/\">\n\t\t\t\t\t\t\t<img decoding=\"async\" width=\"760\" height=\"760\" src=\"https:\/\/maitim.si\/wp-content\/uploads\/2022\/10\/LED-solarna-cestna-svetilka-maitim-gornja-radgona-2022.jpg\" class=\"elementor-animation-float attachment-full size-full wp-image-30801\" alt=\"\" srcset=\"https:\/\/maitim.si\/wp-content\/uploads\/2022\/10\/LED-solarna-cestna-svetilka-maitim-gornja-radgona-2022.jpg 760w, https:\/\/maitim.si\/wp-content\/uploads\/2022\/10\/LED-solarna-cestna-svetilka-maitim-gornja-radgona-2022-300x300.jpg 300w, https:\/\/maitim.si\/wp-content\/uploads\/2022\/10\/LED-solarna-cestna-svetilka-maitim-gornja-radgona-2022-150x150.jpg 150w, https:\/\/maitim.si\/wp-content\/uploads\/2022\/10\/LED-solarna-cestna-svetilka-maitim-gornja-radgona-2022-600x600.jpg 600w, https:\/\/maitim.si\/wp-content\/uploads\/2022\/10\/LED-solarna-cestna-svetilka-maitim-gornja-radgona-2022-100x100.jpg 100w\" sizes=\"(max-width: 760px) 100vw, 760px\" \/>\t\t\t\t\t\t\t\t<\/a>\n\t\t\t\t\t\t\t\t\t\t\t\t\t\t\t<\/div>\n\t\t\t\t<\/div>\n\t\t\t\t<div class=\"elementor-element elementor-element-2a45b77 jltma-glass-effect-no elementor-widget elementor-widget-heading\" data-id=\"2a45b77\" data-element_type=\"widget\" data-widget_type=\"heading.default\">\n\t\t\t\t<div class=\"elementor-widget-container\">\n\t\t\t\t\t<h2 class=\"elementor-heading-title elementor-size-default\">SOLARNA LED RASVJETA CEST<\/h2>\t\t\t\t<\/div>\n\t\t\t\t<\/div>\n\t\t\t\t<div class=\"elementor-element elementor-element-84f209f jltma-glass-effect-no elementor-widget elementor-widget-text-editor\" data-id=\"84f209f\" data-element_type=\"widget\" data-widget_type=\"text-editor.default\">\n\t\t\t\t<div class=\"elementor-widget-container\">\n\t\t\t\t\t\t\t\t\t<p>Budu\u0107nost je ve\u0107 ovdje: uz napredak tehnologije i pove\u0107ane performanse, LED solarna rasvjeta postaje\u00a0<strong>optimalno rje\u0161enje za osvjetljavanje javnih i privatnih povr\u0161ina<\/strong>. Moderne solarne LED uli\u010dne svjetiljke dizajnirane su za pouzdan i dugotrajan rad, minimalno odr\u017eavanje i jednostavnu instalaciju.<\/p>\n\t\t\t\t\t\t\t\t<\/div>\n\t\t\t\t<\/div>\n\t\t\t\t<div class=\"elementor-element elementor-element-393a669 elementor-align-center jltma-glass-effect-no elementor-widget elementor-widget-button\" data-id=\"393a669\" data-element_type=\"widget\" data-widget_type=\"button.default\">\n\t\t\t\t<div class=\"elementor-widget-container\">\n\t\t\t\t\t\t\t\t\t<div class=\"elementor-button-wrapper\">\n\t\t\t\t\t<a class=\"elementor-button elementor-button-link elementor-size-sm\" href=\"https:\/\/maitim.si\/zelena-energija\/solarna-led-ulicna-razsvetljava-2\/\">\n\t\t\t\t\t\t<span class=\"elementor-button-content-wrapper\">\n\t\t\t\t\t\t\t\t\t<span class=\"elementor-button-text\">INTERESUJE ME<\/span>\n\t\t\t\t\t<\/span>\n\t\t\t\t\t<\/a>\n\t\t\t\t<\/div>\n\t\t\t\t\t\t\t\t<\/div>\n\t\t\t\t<\/div>\n\t\t\t\t\t<\/div>\n\t\t<\/div>\n\t\t\t\t\t<\/div>\n\t\t<\/section>\n\t\t\t\t<\/div>\n\t\t","protected":false},"excerpt":{"rendered":"<p>E-ENERGIJA U MAITIMU nastojimo izgraditi odr\u017eive gradove. Zajedno mo\u017eemo pobolj\u0161ati na\u0161 okoli\u0161 urbanim planiranjem koje se temelji na obnovljivim izvorima energije. TKO SMO MI? UPOZNAJTE NAS! Na\u0161a rje\u0161enja za odr\u017eivu energiju U na\u0161oj tvrtki posve\u0107eni smo smanjenju pritisaka na okoli\u0161 i podr\u017eavamo na\u010dine koji \u0107e nas voditi prema budu\u0107nosti u kojoj se priroda su\u017eivljava i [&hellip;]<\/p>\n","protected":false},"author":1,"featured_media":0,"parent":0,"menu_order":0,"comment_status":"closed","ping_status":"closed","template":"","meta":{"site-sidebar-layout":"no-sidebar","site-content-layout":"page-builder","ast-site-content-layout":"","site-content-style":"default","site-sidebar-style":"default","ast-global-header-display":"","ast-banner-title-visibility":"","ast-main-header-display":"","ast-hfb-above-header-display":"","ast-hfb-below-header-display":"","ast-hfb-mobile-header-display":"","site-post-title":"disabled","ast-breadcrumbs-content":"","ast-featured-img":"disabled","footer-sml-layout":"","theme-transparent-header-meta":"default","adv-header-id-meta":"","stick-header-meta":"","header-above-stick-meta":"","header-main-stick-meta":"","header-below-stick-meta":"","astra-migrate-meta-layouts":"default","ast-page-background-enabled":"default","ast-page-background-meta":{"desktop":{"background-color":"","background-image":"","background-repeat":"repeat","background-position":"center center","background-size":"auto","background-attachment":"scroll","background-type":"","background-media":"","overlay-type":"","overlay-color":"","overlay-gradient":""},"tablet":{"background-color":"","background-image":"","background-repeat":"repeat","background-position":"center center","background-size":"auto","background-attachment":"scroll","background-type":"","background-media":"","overlay-type":"","overlay-color":"","overlay-gradient":""},"mobile":{"background-color":"","background-image":"","background-repeat":"repeat","background-position":"center center","background-size":"auto","background-attachment":"scroll","background-type":"","background-media":"","overlay-type":"","overlay-color":"","overlay-gradient":""}},"ast-content-background-meta":{"desktop":{"background-color":"var(--ast-global-color-5)","background-image":"","background-repeat":"repeat","background-position":"center center","background-size":"auto","background-attachment":"scroll","background-type":"","background-media":"","overlay-type":"","overlay-color":"","overlay-gradient":""},"tablet":{"background-color":"var(--ast-global-color-5)","background-image":"","background-repeat":"repeat","background-position":"center center","background-size":"auto","background-attachment":"scroll","background-type":"","background-media":"","overlay-type":"","overlay-color":"","overlay-gradient":""},"mobile":{"background-color":"var(--ast-global-color-5)","background-image":"","background-repeat":"repeat","background-position":"center center","background-size":"auto","background-attachment":"scroll","background-type":"","background-media":"","overlay-type":"","overlay-color":"","overlay-gradient":""}},"footnotes":""},"class_list":["post-38431","page","type-page","status-publish","hentry"],"yoast_head":"<!-- This site is optimized with the Yoast SEO plugin v27.3 - https:\/\/yoast.com\/product\/yoast-seo-wordpress\/ -->\n<title>Odr\u017eivi razvoj - Maitim<\/title>\n<meta name=\"description\" content=\"Nudimo modernu, visokou\u010dinkovitu i kvalitetnu solarnu LED uli\u010dnu rasvjetu i univerzalne punionice za elektri\u010dne bicikle.\" \/>\n<meta name=\"robots\" content=\"index, follow, max-snippet:-1, max-image-preview:large, max-video-preview:-1\" \/>\n<link rel=\"canonical\" href=\"https:\/\/maitim.si\/zelena-energija\/\" \/>\n<meta property=\"og:locale\" content=\"hr_HR\" \/>\n<meta property=\"og:type\" content=\"article\" \/>\n<meta property=\"og:title\" content=\"Odr\u017eivi razvoj - Maitim\" \/>\n<meta property=\"og:description\" content=\"Nudimo modernu, visokou\u010dinkovitu i kvalitetnu solarnu LED uli\u010dnu rasvjetu i univerzalne punionice za elektri\u010dne bicikle.\" \/>\n<meta property=\"og:url\" content=\"https:\/\/maitim.si\/zelena-energija\/\" \/>\n<meta property=\"og:site_name\" content=\"Maitim\" \/>\n<meta property=\"article:publisher\" content=\"https:\/\/www.facebook.com\/maitimcomputers\" \/>\n<meta property=\"article:modified_time\" content=\"2025-06-11T13:53:08+00:00\" \/>\n<meta property=\"og:image\" content=\"https:\/\/maitim.si\/wp-content\/uploads\/2025\/03\/polnilnica-priklop-elektricnega-kolesa-s-kablom-ljubljana.jpg\" \/>\n\t<meta property=\"og:image:width\" content=\"700\" \/>\n\t<meta property=\"og:image:height\" content=\"700\" \/>\n\t<meta property=\"og:image:type\" content=\"image\/jpeg\" \/>\n<meta name=\"twitter:card\" content=\"summary_large_image\" \/>\n<meta name=\"twitter:label1\" content=\"Procijenjeno vrijeme \u010ditanja\" \/>\n\t<meta name=\"twitter:data1\" content=\"1 minuta\" \/>\n<script type=\"application\/ld+json\" class=\"yoast-schema-graph\">{\"@context\":\"https:\\\/\\\/schema.org\",\"@graph\":[{\"@type\":\"WebPage\",\"@id\":\"https:\\\/\\\/maitim.si\\\/zelena-energija\\\/\",\"url\":\"https:\\\/\\\/maitim.si\\\/zelena-energija\\\/\",\"name\":\"Odr\u017eivi razvoj - Maitim\",\"isPartOf\":{\"@id\":\"https:\\\/\\\/maitim.si\\\/#website\"},\"primaryImageOfPage\":{\"@id\":\"https:\\\/\\\/maitim.si\\\/zelena-energija\\\/#primaryimage\"},\"image\":{\"@id\":\"https:\\\/\\\/maitim.si\\\/zelena-energija\\\/#primaryimage\"},\"thumbnailUrl\":\"https:\\\/\\\/maitim.si\\\/wp-content\\\/uploads\\\/2025\\\/03\\\/polnilnica-priklop-elektricnega-kolesa-s-kablom-ljubljana.jpg\",\"datePublished\":\"2021-02-08T16:32:34+00:00\",\"dateModified\":\"2025-06-11T13:53:08+00:00\",\"description\":\"Nudimo modernu, visokou\u010dinkovitu i kvalitetnu solarnu LED uli\u010dnu rasvjetu i univerzalne punionice za elektri\u010dne bicikle.\",\"breadcrumb\":{\"@id\":\"https:\\\/\\\/maitim.si\\\/zelena-energija\\\/#breadcrumb\"},\"inLanguage\":\"hr\",\"potentialAction\":[{\"@type\":\"ReadAction\",\"target\":[\"https:\\\/\\\/maitim.si\\\/zelena-energija\\\/\"]}]},{\"@type\":\"ImageObject\",\"inLanguage\":\"hr\",\"@id\":\"https:\\\/\\\/maitim.si\\\/zelena-energija\\\/#primaryimage\",\"url\":\"https:\\\/\\\/maitim.si\\\/wp-content\\\/uploads\\\/2025\\\/03\\\/polnilnica-priklop-elektricnega-kolesa-s-kablom-ljubljana.jpg\",\"contentUrl\":\"https:\\\/\\\/maitim.si\\\/wp-content\\\/uploads\\\/2025\\\/03\\\/polnilnica-priklop-elektricnega-kolesa-s-kablom-ljubljana.jpg\"},{\"@type\":\"BreadcrumbList\",\"@id\":\"https:\\\/\\\/maitim.si\\\/zelena-energija\\\/#breadcrumb\",\"itemListElement\":[{\"@type\":\"ListItem\",\"position\":1,\"name\":\"Home\",\"item\":\"https:\\\/\\\/maitim.si\\\/\"},{\"@type\":\"ListItem\",\"position\":2,\"name\":\"Odr\u017eivi razvoj\"}]},{\"@type\":\"WebSite\",\"@id\":\"https:\\\/\\\/maitim.si\\\/#website\",\"url\":\"https:\\\/\\\/maitim.si\\\/\",\"name\":\"Maitim\",\"description\":\"Sopotnik va\u0161ega razvoja\",\"publisher\":{\"@id\":\"https:\\\/\\\/maitim.si\\\/#organization\"},\"potentialAction\":[{\"@type\":\"SearchAction\",\"target\":{\"@type\":\"EntryPoint\",\"urlTemplate\":\"https:\\\/\\\/maitim.si\\\/?s={search_term_string}\"},\"query-input\":{\"@type\":\"PropertyValueSpecification\",\"valueRequired\":true,\"valueName\":\"search_term_string\"}}],\"inLanguage\":\"hr\"},{\"@type\":\"Organization\",\"@id\":\"https:\\\/\\\/maitim.si\\\/#organization\",\"name\":\"MAITIM d.o.o.\",\"url\":\"https:\\\/\\\/maitim.si\\\/\",\"logo\":{\"@type\":\"ImageObject\",\"inLanguage\":\"hr\",\"@id\":\"https:\\\/\\\/maitim.si\\\/#\\\/schema\\\/logo\\\/image\\\/\",\"url\":\"https:\\\/\\\/maitim.si\\\/wp-content\\\/uploads\\\/2021\\\/02\\\/Image1.jpg\",\"contentUrl\":\"https:\\\/\\\/maitim.si\\\/wp-content\\\/uploads\\\/2021\\\/02\\\/Image1.jpg\",\"width\":300,\"height\":300,\"caption\":\"MAITIM d.o.o.\"},\"image\":{\"@id\":\"https:\\\/\\\/maitim.si\\\/#\\\/schema\\\/logo\\\/image\\\/\"},\"sameAs\":[\"https:\\\/\\\/www.facebook.com\\\/maitimcomputers\",\"https:\\\/\\\/www.linkedin.com\\\/company\\\/maitim-d-o-o\\\/\"]}]}<\/script>\n<!-- \/ Yoast SEO plugin. -->","yoast_head_json":{"title":"Odr\u017eivi razvoj - Maitim","description":"Nudimo modernu, visokou\u010dinkovitu i kvalitetnu solarnu LED uli\u010dnu rasvjetu i univerzalne punionice za elektri\u010dne bicikle.","robots":{"index":"index","follow":"follow","max-snippet":"max-snippet:-1","max-image-preview":"max-image-preview:large","max-video-preview":"max-video-preview:-1"},"canonical":"https:\/\/maitim.si\/zelena-energija\/","og_locale":"hr_HR","og_type":"article","og_title":"Odr\u017eivi razvoj - Maitim","og_description":"Nudimo modernu, visokou\u010dinkovitu i kvalitetnu solarnu LED uli\u010dnu rasvjetu i univerzalne punionice za elektri\u010dne bicikle.","og_url":"https:\/\/maitim.si\/zelena-energija\/","og_site_name":"Maitim","article_publisher":"https:\/\/www.facebook.com\/maitimcomputers","article_modified_time":"2025-06-11T13:53:08+00:00","og_image":[{"width":700,"height":700,"url":"https:\/\/maitim.si\/wp-content\/uploads\/2025\/03\/polnilnica-priklop-elektricnega-kolesa-s-kablom-ljubljana.jpg","type":"image\/jpeg"}],"twitter_card":"summary_large_image","twitter_misc":{"Procijenjeno vrijeme \u010ditanja":"1 minuta"},"schema":{"@context":"https:\/\/schema.org","@graph":[{"@type":"WebPage","@id":"https:\/\/maitim.si\/zelena-energija\/","url":"https:\/\/maitim.si\/zelena-energija\/","name":"Odr\u017eivi razvoj - Maitim","isPartOf":{"@id":"https:\/\/maitim.si\/#website"},"primaryImageOfPage":{"@id":"https:\/\/maitim.si\/zelena-energija\/#primaryimage"},"image":{"@id":"https:\/\/maitim.si\/zelena-energija\/#primaryimage"},"thumbnailUrl":"https:\/\/maitim.si\/wp-content\/uploads\/2025\/03\/polnilnica-priklop-elektricnega-kolesa-s-kablom-ljubljana.jpg","datePublished":"2021-02-08T16:32:34+00:00","dateModified":"2025-06-11T13:53:08+00:00","description":"Nudimo modernu, visokou\u010dinkovitu i kvalitetnu solarnu LED uli\u010dnu rasvjetu i univerzalne punionice za elektri\u010dne bicikle.","breadcrumb":{"@id":"https:\/\/maitim.si\/zelena-energija\/#breadcrumb"},"inLanguage":"hr","potentialAction":[{"@type":"ReadAction","target":["https:\/\/maitim.si\/zelena-energija\/"]}]},{"@type":"ImageObject","inLanguage":"hr","@id":"https:\/\/maitim.si\/zelena-energija\/#primaryimage","url":"https:\/\/maitim.si\/wp-content\/uploads\/2025\/03\/polnilnica-priklop-elektricnega-kolesa-s-kablom-ljubljana.jpg","contentUrl":"https:\/\/maitim.si\/wp-content\/uploads\/2025\/03\/polnilnica-priklop-elektricnega-kolesa-s-kablom-ljubljana.jpg"},{"@type":"BreadcrumbList","@id":"https:\/\/maitim.si\/zelena-energija\/#breadcrumb","itemListElement":[{"@type":"ListItem","position":1,"name":"Home","item":"https:\/\/maitim.si\/"},{"@type":"ListItem","position":2,"name":"Odr\u017eivi razvoj"}]},{"@type":"WebSite","@id":"https:\/\/maitim.si\/#website","url":"https:\/\/maitim.si\/","name":"Maitim","description":"Sopotnik va\u0161ega razvoja","publisher":{"@id":"https:\/\/maitim.si\/#organization"},"potentialAction":[{"@type":"SearchAction","target":{"@type":"EntryPoint","urlTemplate":"https:\/\/maitim.si\/?s={search_term_string}"},"query-input":{"@type":"PropertyValueSpecification","valueRequired":true,"valueName":"search_term_string"}}],"inLanguage":"hr"},{"@type":"Organization","@id":"https:\/\/maitim.si\/#organization","name":"MAITIM d.o.o.","url":"https:\/\/maitim.si\/","logo":{"@type":"ImageObject","inLanguage":"hr","@id":"https:\/\/maitim.si\/#\/schema\/logo\/image\/","url":"https:\/\/maitim.si\/wp-content\/uploads\/2021\/02\/Image1.jpg","contentUrl":"https:\/\/maitim.si\/wp-content\/uploads\/2021\/02\/Image1.jpg","width":300,"height":300,"caption":"MAITIM d.o.o."},"image":{"@id":"https:\/\/maitim.si\/#\/schema\/logo\/image\/"},"sameAs":["https:\/\/www.facebook.com\/maitimcomputers","https:\/\/www.linkedin.com\/company\/maitim-d-o-o\/"]}]}},"_links":{"self":[{"href":"https:\/\/maitim.si\/hr\/wp-json\/wp\/v2\/pages\/38431","targetHints":{"allow":["GET"]}}],"collection":[{"href":"https:\/\/maitim.si\/hr\/wp-json\/wp\/v2\/pages"}],"about":[{"href":"https:\/\/maitim.si\/hr\/wp-json\/wp\/v2\/types\/page"}],"author":[{"embeddable":true,"href":"https:\/\/maitim.si\/hr\/wp-json\/wp\/v2\/users\/1"}],"replies":[{"embeddable":true,"href":"https:\/\/maitim.si\/hr\/wp-json\/wp\/v2\/comments?post=38431"}],"version-history":[{"count":0,"href":"https:\/\/maitim.si\/hr\/wp-json\/wp\/v2\/pages\/38431\/revisions"}],"wp:attachment":[{"href":"https:\/\/maitim.si\/hr\/wp-json\/wp\/v2\/media?parent=38431"}],"curies":[{"name":"wp","href":"https:\/\/api.w.org\/{rel}","templated":true}]}}