{"id":38874,"date":"2023-12-07T13:57:09","date_gmt":"2023-12-07T12:57:09","guid":{"rendered":"https:\/\/maitim.si\/politika-privatnosti\/"},"modified":"2025-11-20T15:07:31","modified_gmt":"2025-11-20T14:07:31","slug":"politika-privatnosti","status":"publish","type":"page","link":"https:\/\/maitim.si\/hr\/politika-privatnosti\/","title":{"rendered":"Politika privatnosti"},"content":{"rendered":"\t\t<div data-elementor-type=\"wp-page\" data-elementor-id=\"38874\" class=\"elementor elementor-38874 elementor-33270\">\n\t\t\t\t\t\t<section class=\"elementor-section elementor-top-section elementor-element elementor-element-a99f1f4 elementor-section-height-min-height elementor-section-boxed elementor-section-height-default elementor-section-items-middle jltma-glass-effect-no\" data-id=\"a99f1f4\" data-element_type=\"section\" data-settings=\"{&quot;background_background&quot;:&quot;classic&quot;}\">\n\t\t\t\t\t\t\t<div class=\"elementor-background-overlay\"><\/div>\n\t\t\t\t\t\t\t<div class=\"elementor-container elementor-column-gap-default\">\n\t\t\t\t\t<div class=\"elementor-column elementor-col-100 elementor-top-column elementor-element elementor-element-db75584 jltma-glass-effect-no\" data-id=\"db75584\" data-element_type=\"column\">\n\t\t\t<div class=\"elementor-widget-wrap elementor-element-populated\">\n\t\t\t\t\t\t<div class=\"elementor-element elementor-element-74b64a0 jltma-glass-effect-no elementor-invisible elementor-widget elementor-widget-heading\" data-id=\"74b64a0\" data-element_type=\"widget\" data-settings=\"{&quot;_animation&quot;:&quot;fadeIn&quot;,&quot;_animation_delay&quot;:100}\" data-widget_type=\"heading.default\">\n\t\t\t\t<div class=\"elementor-widget-container\">\n\t\t\t\t\t<h1 class=\"elementor-heading-title elementor-size-default\">Politika privatnosti<\/h1>\t\t\t\t<\/div>\n\t\t\t\t<\/div>\n\t\t\t\t\t<\/div>\n\t\t<\/div>\n\t\t\t\t\t<\/div>\n\t\t<\/section>\n\t\t\t\t<section class=\"elementor-section elementor-inner-section elementor-element elementor-element-1079d68d elementor-section-boxed elementor-section-height-default elementor-section-height-default jltma-glass-effect-no\" data-id=\"1079d68d\" data-element_type=\"section\" data-settings=\"{&quot;background_background&quot;:&quot;classic&quot;}\">\n\t\t\t\t\t\t<div class=\"elementor-container elementor-column-gap-default\">\n\t\t\t\t\t<div class=\"elementor-column elementor-col-100 elementor-inner-column elementor-element elementor-element-29682b14 jltma-glass-effect-no elementor-invisible\" data-id=\"29682b14\" data-element_type=\"column\" data-settings=\"{&quot;animation&quot;:&quot;fadeIn&quot;}\">\n\t\t\t<div class=\"elementor-widget-wrap elementor-element-populated\">\n\t\t\t\t\t\t<div class=\"elementor-element elementor-element-f71a05e jltma-glass-effect-no elementor-widget elementor-widget-spacer\" data-id=\"f71a05e\" data-element_type=\"widget\" data-widget_type=\"spacer.default\">\n\t\t\t\t<div class=\"elementor-widget-container\">\n\t\t\t\t\t\t\t<div class=\"elementor-spacer\">\n\t\t\t<div class=\"elementor-spacer-inner\"><\/div>\n\t\t<\/div>\n\t\t\t\t\t\t<\/div>\n\t\t\t\t<\/div>\n\t\t\t\t<div class=\"elementor-element elementor-element-a814b30 jltma-glass-effect-no elementor-widget elementor-widget-heading\" data-id=\"a814b30\" data-element_type=\"widget\" data-widget_type=\"heading.default\">\n\t\t\t\t<div class=\"elementor-widget-container\">\n\t\t\t\t\t<h2 class=\"elementor-heading-title elementor-size-default\">Politika privatnosti<\/h2>\t\t\t\t<\/div>\n\t\t\t\t<\/div>\n\t\t\t\t<div class=\"elementor-element elementor-element-02d412c jltma-glass-effect-no elementor-widget elementor-widget-text-editor\" data-id=\"02d412c\" data-element_type=\"widget\" data-widget_type=\"text-editor.default\">\n\t\t\t\t<div class=\"elementor-widget-container\">\n\t\t\t\t\t\t\t\t\t<p><span class=\"jCAhz ChMk0b\"><span class=\"ryNqvb\">Zadnje a\u017euriranje: 20. 11. 2025<\/span><\/span><\/p>\n<p><span class=\"jCAhz ChMk0b\"><span class=\"ryNqvb\">Dobrodo\u0161li na web stranicu <a href=\"https:\/\/maitim.si\/hr\/\">maitim.si<\/a>.<\/span><\/span><\/p>\n<p>Va\u0161a privatnost nam je izuzetno va\u017ena. Ova Politika privatnosti obja\u0161njava kako prikupljamo, koristimo, otkrivamo i \u0161titimo va\u0161e osobne podatke kada posjetite na\u0161u web stranicu, preuzmete besplatnu e-knjigu ili ispunite neki od na\u0161ih obrazaca.<\/p>\n\t\t\t\t\t\t\t\t<\/div>\n\t\t\t\t<\/div>\n\t\t\t\t<div class=\"elementor-element elementor-element-c4b8b46 jltma-glass-effect-no elementor-widget elementor-widget-heading\" data-id=\"c4b8b46\" data-element_type=\"widget\" data-widget_type=\"heading.default\">\n\t\t\t\t<div class=\"elementor-widget-container\">\n\t\t\t\t\t<h2 class=\"elementor-heading-title elementor-size-default\">1. Koje osobne podatke prikupljamo<\/h2>\t\t\t\t<\/div>\n\t\t\t\t<\/div>\n\t\t\t\t<div class=\"elementor-element elementor-element-16d9708f jltma-glass-effect-no elementor-widget elementor-widget-text-editor\" data-id=\"16d9708f\" data-element_type=\"widget\" data-widget_type=\"text-editor.default\">\n\t\t\t\t<div class=\"elementor-widget-container\">\n\t\t\t\t\t\t\t\t\t<p>Prilikom ispunjavanja obrazaca mo\u017eemo prikupljati sljede\u0107e podatke:<\/p>\n<ul>\n<li>Ime<\/li>\n<li><span style=\"font-size: 16px;\">Prezime<\/span><\/li>\n<li><span style=\"font-size: 16px;\">Email adresa<\/span><\/li>\n<li><span style=\"font-size: 16px;\">Broj telefona<\/span><\/li>\n<li><span style=\"font-size: 16px;\">Podaci o tvrtki<\/span><\/li>\n<li><span style=\"font-size: 16px;\">Adresa<\/span><\/li>\n<li><span style=\"font-size: 16px;\">Ostale informacije koje dobrovoljno unesete<\/span><\/li>\n<\/ul>\n\t\t\t\t\t\t\t\t<\/div>\n\t\t\t\t<\/div>\n\t\t\t\t<div class=\"elementor-element elementor-element-ac8aea8 jltma-glass-effect-no elementor-widget elementor-widget-heading\" data-id=\"ac8aea8\" data-element_type=\"widget\" data-widget_type=\"heading.default\">\n\t\t\t\t<div class=\"elementor-widget-container\">\n\t\t\t\t\t<h2 class=\"elementor-heading-title elementor-size-default\">2. Za\u0161to prikupljamo va\u0161e podatke (Svrha obrade)<\/h2>\t\t\t\t<\/div>\n\t\t\t\t<\/div>\n\t\t\t\t<div class=\"elementor-element elementor-element-51583cd jltma-glass-effect-no elementor-widget elementor-widget-text-editor\" data-id=\"51583cd\" data-element_type=\"widget\" data-widget_type=\"text-editor.default\">\n\t\t\t\t<div class=\"elementor-widget-container\">\n\t\t\t\t\t\t\t\t\t<p><strong>a) Slanje besplatne e-knjige<\/strong><\/p>\n<p>Ako ispunite obrazac za dobivanje besplatnog digitalnog proizvoda, va\u0161 email koristimo isklju\u010divo za slanje tog proizvoda.<\/p>\n<p><strong>b) Dodavanje na na\u0161u email listu (samo uz va\u0161u izri\u010ditu privolu)<\/strong><\/p>\n<p>Uz va\u0161u izri\u010ditu suglasnost (checkbox u obrascu), mo\u017eemo vam povremeno slati:<\/p>\n<ul>\n<li>novosti<\/li>\n<li><span style=\"font-size: 16px;\">edukativne sadr\u017eaje<\/span><\/li>\n<li><span style=\"font-size: 16px;\">\u010dlanke<\/span><\/li>\n<li><span style=\"font-size: 16px;\">promotivne ponude<\/span><\/li>\n<\/ul>\n<p>Privolu mo\u017eete povu\u0107i u bilo kojem trenutku klikom na Odjava u svakoj primljenoj poruci.<\/p>\n<p><strong>c) Odgovaranje na upite<\/strong><\/p>\n<p>Kako bismo odgovorili na va\u0161a pitanja, poruke ili zahtjeve.<\/p>\n<p><strong>d) Pobolj\u0161anje web stranice i analiza<\/strong><\/p>\n<p>Za pobolj\u0161anje korisni\u010dkog iskustva i analitiku posjeta.<\/p>\n\t\t\t\t\t\t\t\t<\/div>\n\t\t\t\t<\/div>\n\t\t\t\t<div class=\"elementor-element elementor-element-221c542 jltma-glass-effect-no elementor-widget elementor-widget-heading\" data-id=\"221c542\" data-element_type=\"widget\" data-widget_type=\"heading.default\">\n\t\t\t\t<div class=\"elementor-widget-container\">\n\t\t\t\t\t<h2 class=\"elementor-heading-title elementor-size-default\">3. Pravna osnova obrade<\/h2>\t\t\t\t<\/div>\n\t\t\t\t<\/div>\n\t\t\t\t<div class=\"elementor-element elementor-element-4c45d52 jltma-glass-effect-no elementor-widget elementor-widget-text-editor\" data-id=\"4c45d52\" data-element_type=\"widget\" data-widget_type=\"text-editor.default\">\n\t\t\t\t<div class=\"elementor-widget-container\">\n\t\t\t\t\t\t\t\t\t<p>Va\u0161e podatke obra\u0111ujemo na temelju:<\/p>\n<ul>\n<li>va\u0161e privole (npr. newsletter)<\/li>\n<li><span style=\"font-size: 16px;\">izvr\u0161enja ugovora (slanje e-knjige ili odgovaranje na zahtjev)<\/span><\/li>\n<li><span style=\"font-size: 16px;\">legitimnog interesa (pobolj\u0161anje web stranice)<\/span><\/li>\n<\/ul>\n\t\t\t\t\t\t\t\t<\/div>\n\t\t\t\t<\/div>\n\t\t\t\t<div class=\"elementor-element elementor-element-1b5bd2f jltma-glass-effect-no elementor-widget elementor-widget-heading\" data-id=\"1b5bd2f\" data-element_type=\"widget\" data-widget_type=\"heading.default\">\n\t\t\t\t<div class=\"elementor-widget-container\">\n\t\t\t\t\t<h2 class=\"elementor-heading-title elementor-size-default\">4. Kako \u0161titimo va\u0161e podatke<\/h2>\t\t\t\t<\/div>\n\t\t\t\t<\/div>\n\t\t\t\t<div class=\"elementor-element elementor-element-52564b2 jltma-glass-effect-no elementor-widget elementor-widget-text-editor\" data-id=\"52564b2\" data-element_type=\"widget\" data-widget_type=\"text-editor.default\">\n\t\t\t\t<div class=\"elementor-widget-container\">\n\t\t\t\t\t\t\t\t\t<p>Primjenjujemo odgovaraju\u0107e tehni\u010dke i organizacijske mjere za za\u0161titu osobnih podataka od gubitka, zloupotrebe, neovla\u0161tenog pristupa ili otkrivanja.<\/p>\n\t\t\t\t\t\t\t\t<\/div>\n\t\t\t\t<\/div>\n\t\t\t\t<div class=\"elementor-element elementor-element-aced076 jltma-glass-effect-no elementor-widget elementor-widget-heading\" data-id=\"aced076\" data-element_type=\"widget\" data-widget_type=\"heading.default\">\n\t\t\t\t<div class=\"elementor-widget-container\">\n\t\t\t\t\t<h2 class=\"elementor-heading-title elementor-size-default\">5. Koliko dugo \u010duvamo podatke<\/h2>\t\t\t\t<\/div>\n\t\t\t\t<\/div>\n\t\t\t\t<div class=\"elementor-element elementor-element-bda9832 jltma-glass-effect-no elementor-widget elementor-widget-text-editor\" data-id=\"bda9832\" data-element_type=\"widget\" data-widget_type=\"text-editor.default\">\n\t\t\t\t<div class=\"elementor-widget-container\">\n\t\t\t\t\t\t\t\t\t<p>Podatke \u010duvamo:<\/p>\n<ul>\n<li>za newsletter: do va\u0161e odjave,<\/li>\n<li><span style=\"font-size: 16px;\">za upite: dok je potrebno za odgovor,<\/span><\/li>\n<li><span style=\"font-size: 16px;\">za slanje e-knjige: do povla\u010denja privole ili ispunjenja svrhe.<\/span><\/li>\n<\/ul>\n\t\t\t\t\t\t\t\t<\/div>\n\t\t\t\t<\/div>\n\t\t\t\t<div class=\"elementor-element elementor-element-e0f9755 jltma-glass-effect-no elementor-widget elementor-widget-heading\" data-id=\"e0f9755\" data-element_type=\"widget\" data-widget_type=\"heading.default\">\n\t\t\t\t<div class=\"elementor-widget-container\">\n\t\t\t\t\t<h2 class=\"elementor-heading-title elementor-size-default\">6. Dijeljenje podataka<\/h2>\t\t\t\t<\/div>\n\t\t\t\t<\/div>\n\t\t\t\t<div class=\"elementor-element elementor-element-a9258a4 jltma-glass-effect-no elementor-widget elementor-widget-text-editor\" data-id=\"a9258a4\" data-element_type=\"widget\" data-widget_type=\"text-editor.default\">\n\t\t\t\t<div class=\"elementor-widget-container\">\n\t\t\t\t\t\t\t\t\t<p>Va\u0161im podacima ne trgujemo i ne prodajemo. Dijelimo ih samo:<\/p>\n<ul>\n<li>s pouzdanim pru\u017eateljima usluga (email platforme, hosting)<\/li>\n<li><span style=\"font-size: 16px;\">ako to zahtijeva zakon<\/span><\/li>\n<li><span style=\"font-size: 16px;\">uz va\u0161u izri\u010ditu privolu<\/span><\/li>\n<\/ul>\n<p>Svi pru\u017eatelji usluga uskla\u0111eni su s GDPR-om.<\/p>\n\t\t\t\t\t\t\t\t<\/div>\n\t\t\t\t<\/div>\n\t\t\t\t<div class=\"elementor-element elementor-element-687fa68 jltma-glass-effect-no elementor-widget elementor-widget-heading\" data-id=\"687fa68\" data-element_type=\"widget\" data-widget_type=\"heading.default\">\n\t\t\t\t<div class=\"elementor-widget-container\">\n\t\t\t\t\t<h2 class=\"elementor-heading-title elementor-size-default\">7. Va\u0161a prava<\/h2>\t\t\t\t<\/div>\n\t\t\t\t<\/div>\n\t\t\t\t<div class=\"elementor-element elementor-element-e3625cb jltma-glass-effect-no elementor-widget elementor-widget-text-editor\" data-id=\"e3625cb\" data-element_type=\"widget\" data-widget_type=\"text-editor.default\">\n\t\t\t\t<div class=\"elementor-widget-container\">\n\t\t\t\t\t\t\t\t\t<p>Imate pravo:<\/p>\n<ul>\n<li>pristupa svojim podacima<\/li>\n<li><span style=\"font-size: 16px;\">ispravka neto\u010dnih podataka<\/span><\/li>\n<li><span style=\"font-size: 16px;\">povla\u010denja privole<\/span><\/li>\n<li><span style=\"font-size: 16px;\">brisanja podataka<\/span><\/li>\n<li><span style=\"font-size: 16px;\">ograni\u010denja obrade<\/span><\/li>\n<li><span style=\"font-size: 16px;\">prigovora obradi<\/span><\/li>\n<li><span style=\"font-size: 16px;\">prijenosa podataka<\/span><\/li>\n<\/ul>\n<p>Za ostvarivanje prava kontaktirajte nas na <strong>info@maitim.si<\/strong>.<\/p>\n\t\t\t\t\t\t\t\t<\/div>\n\t\t\t\t<\/div>\n\t\t\t\t<div class=\"elementor-element elementor-element-1128bb8 jltma-glass-effect-no elementor-widget elementor-widget-heading\" data-id=\"1128bb8\" data-element_type=\"widget\" data-widget_type=\"heading.default\">\n\t\t\t\t<div class=\"elementor-widget-container\">\n\t\t\t\t\t<h2 class=\"elementor-heading-title elementor-size-default\">8. Kola\u010di\u0107i<\/h2>\t\t\t\t<\/div>\n\t\t\t\t<\/div>\n\t\t\t\t<div class=\"elementor-element elementor-element-03fb926 jltma-glass-effect-no elementor-widget elementor-widget-text-editor\" data-id=\"03fb926\" data-element_type=\"widget\" data-widget_type=\"text-editor.default\">\n\t\t\t\t<div class=\"elementor-widget-container\">\n\t\t\t\t\t\t\t\t\t<p>Na\u0161a web stranica koristi kola\u010di\u0107e. Vi\u0161e informacija prona\u0111ite u na\u0161oj <a href=\"https:\/\/maitim.si\/hr\/kolacici\/\">Politici kola\u010di\u0107a<\/a>.<\/p>\n<p><span style=\"font-size: 18pt;\"><strong>9. Promjene politike privatnosti<\/strong><\/span><\/p>\n<p>Povremeno mo\u017eemo a\u017eurirati ovu politiku. Sve promjene bit \u0107e objavljene na ovoj stranici.<\/p>\n\t\t\t\t\t\t\t\t<\/div>\n\t\t\t\t<\/div>\n\t\t\t\t<div class=\"elementor-element elementor-element-950608f jltma-glass-effect-no elementor-widget elementor-widget-heading\" data-id=\"950608f\" data-element_type=\"widget\" data-widget_type=\"heading.default\">\n\t\t\t\t<div class=\"elementor-widget-container\">\n\t\t\t\t\t<h2 class=\"elementor-heading-title elementor-size-default\">10. Kontakt<\/h2>\t\t\t\t<\/div>\n\t\t\t\t<\/div>\n\t\t\t\t<div class=\"elementor-element elementor-element-1a11f53 jltma-glass-effect-no elementor-widget elementor-widget-text-editor\" data-id=\"1a11f53\" data-element_type=\"widget\" data-widget_type=\"text-editor.default\">\n\t\t\t\t<div class=\"elementor-widget-container\">\n\t\t\t\t\t\t\t\t\t<p>Za sva pitanja kontaktirajte nas:<\/p>\n<p><strong>MAITIM d.o.o.<\/strong><\/p>\n<ul>\n<li>e-naslov: info@maitim.si<\/li>\n<li>Mobi: +386 41 618 253<\/li>\n<li>Telefon: +386 1 830 33 60<\/li>\n<li>Naslov: Kamni\u0161ka 39, \u0160marca, 1241 Kamnik<\/li>\n<li>Dr\u017eava: Slovenija, EU<\/li>\n<li>Dav\u010dna \u0161tevilka: SI 36886220<\/li>\n<\/ul>\n\t\t\t\t\t\t\t\t<\/div>\n\t\t\t\t<\/div>\n\t\t\t\t\t<\/div>\n\t\t<\/div>\n\t\t\t\t\t<\/div>\n\t\t<\/section>\n\t\t\t\t<\/div>\n\t\t","protected":false},"excerpt":{"rendered":"<p>Politika privatnosti Politika privatnosti Zadnje a\u017euriranje: 20. 11. 2025 Dobrodo\u0161li na web stranicu maitim.si. Va\u0161a privatnost nam je izuzetno va\u017ena. Ova Politika privatnosti obja\u0161njava kako prikupljamo, koristimo, otkrivamo i \u0161titimo va\u0161e osobne podatke kada posjetite na\u0161u web stranicu, preuzmete besplatnu e-knjigu ili ispunite neki od na\u0161ih obrazaca. 1. Koje osobne podatke prikupljamo Prilikom ispunjavanja obrazaca [&hellip;]<\/p>\n","protected":false},"author":1,"featured_media":0,"parent":0,"menu_order":0,"comment_status":"closed","ping_status":"closed","template":"elementor_theme","meta":{"site-sidebar-layout":"no-sidebar","site-content-layout":"page-builder","ast-site-content-layout":"","site-content-style":"default","site-sidebar-style":"default","ast-global-header-display":"","ast-banner-title-visibility":"","ast-main-header-display":"","ast-hfb-above-header-display":"","ast-hfb-below-header-display":"","ast-hfb-mobile-header-display":"","site-post-title":"disabled","ast-breadcrumbs-content":"","ast-featured-img":"disabled","footer-sml-layout":"","theme-transparent-header-meta":"default","adv-header-id-meta":"","stick-header-meta":"","header-above-stick-meta":"","header-main-stick-meta":"","header-below-stick-meta":"","astra-migrate-meta-layouts":"default","ast-page-background-enabled":"default","ast-page-background-meta":{"desktop":{"background-color":"","background-image":"","background-repeat":"repeat","background-position":"center center","background-size":"auto","background-attachment":"scroll","background-type":"","background-media":"","overlay-type":"","overlay-color":"","overlay-gradient":""},"tablet":{"background-color":"","background-image":"","background-repeat":"repeat","background-position":"center center","background-size":"auto","background-attachment":"scroll","background-type":"","background-media":"","overlay-type":"","overlay-color":"","overlay-gradient":""},"mobile":{"background-color":"","background-image":"","background-repeat":"repeat","background-position":"center center","background-size":"auto","background-attachment":"scroll","background-type":"","background-media":"","overlay-type":"","overlay-color":"","overlay-gradient":""}},"ast-content-background-meta":{"desktop":{"background-color":"var(--ast-global-color-5)","background-image":"","background-repeat":"repeat","background-position":"center center","background-size":"auto","background-attachment":"scroll","background-type":"","background-media":"","overlay-type":"","overlay-color":"","overlay-gradient":""},"tablet":{"background-color":"var(--ast-global-color-5)","background-image":"","background-repeat":"repeat","background-position":"center center","background-size":"auto","background-attachment":"scroll","background-type":"","background-media":"","overlay-type":"","overlay-color":"","overlay-gradient":""},"mobile":{"background-color":"var(--ast-global-color-5)","background-image":"","background-repeat":"repeat","background-position":"center center","background-size":"auto","background-attachment":"scroll","background-type":"","background-media":"","overlay-type":"","overlay-color":"","overlay-gradient":""}},"footnotes":""},"class_list":["post-38874","page","type-page","status-publish","hentry"],"yoast_head":"<!-- This site is optimized with the Yoast SEO plugin v27.4 - https:\/\/yoast.com\/product\/yoast-seo-wordpress\/ -->\n<title>Politika privatnosti - Maitim<\/title>\n<meta name=\"robots\" content=\"index, follow, max-snippet:-1, max-image-preview:large, max-video-preview:-1\" \/>\n<link rel=\"canonical\" href=\"https:\/\/maitim.si\/politika-zasebnosti\/\" \/>\n<meta property=\"og:locale\" content=\"hr_HR\" \/>\n<meta property=\"og:type\" content=\"article\" \/>\n<meta property=\"og:title\" content=\"Politika privatnosti - Maitim\" \/>\n<meta property=\"og:description\" content=\"Politika privatnosti Politika privatnosti Zadnje a\u017euriranje: 20. 11. 2025 Dobrodo\u0161li na web stranicu maitim.si. Va\u0161a privatnost nam je izuzetno va\u017ena. Ova Politika privatnosti obja\u0161njava kako prikupljamo, koristimo, otkrivamo i \u0161titimo va\u0161e osobne podatke kada posjetite na\u0161u web stranicu, preuzmete besplatnu e-knjigu ili ispunite neki od na\u0161ih obrazaca. 1. Koje osobne podatke prikupljamo Prilikom ispunjavanja obrazaca [&hellip;]\" \/>\n<meta property=\"og:url\" content=\"https:\/\/maitim.si\/politika-zasebnosti\/\" \/>\n<meta property=\"og:site_name\" content=\"Maitim\" \/>\n<meta property=\"article:publisher\" content=\"https:\/\/www.facebook.com\/maitimcomputers\" \/>\n<meta property=\"article:modified_time\" content=\"2025-11-20T14:07:31+00:00\" \/>\n<meta name=\"twitter:card\" content=\"summary_large_image\" \/>\n<meta name=\"twitter:label1\" content=\"Procijenjeno vrijeme \u010ditanja\" \/>\n\t<meta name=\"twitter:data1\" content=\"2 minute\" \/>\n<script type=\"application\/ld+json\" class=\"yoast-schema-graph\">{\"@context\":\"https:\\\/\\\/schema.org\",\"@graph\":[{\"@type\":\"WebPage\",\"@id\":\"https:\\\/\\\/maitim.si\\\/politika-zasebnosti\\\/\",\"url\":\"https:\\\/\\\/maitim.si\\\/politika-zasebnosti\\\/\",\"name\":\"Politika privatnosti - Maitim\",\"isPartOf\":{\"@id\":\"https:\\\/\\\/maitim.si\\\/#website\"},\"datePublished\":\"2023-12-07T12:57:09+00:00\",\"dateModified\":\"2025-11-20T14:07:31+00:00\",\"breadcrumb\":{\"@id\":\"https:\\\/\\\/maitim.si\\\/politika-zasebnosti\\\/#breadcrumb\"},\"inLanguage\":\"hr\",\"potentialAction\":[{\"@type\":\"ReadAction\",\"target\":[\"https:\\\/\\\/maitim.si\\\/politika-zasebnosti\\\/\"]}]},{\"@type\":\"BreadcrumbList\",\"@id\":\"https:\\\/\\\/maitim.si\\\/politika-zasebnosti\\\/#breadcrumb\",\"itemListElement\":[{\"@type\":\"ListItem\",\"position\":1,\"name\":\"Home\",\"item\":\"https:\\\/\\\/maitim.si\\\/\"},{\"@type\":\"ListItem\",\"position\":2,\"name\":\"Politika privatnosti\"}]},{\"@type\":\"WebSite\",\"@id\":\"https:\\\/\\\/maitim.si\\\/#website\",\"url\":\"https:\\\/\\\/maitim.si\\\/\",\"name\":\"Maitim\",\"description\":\"Sopotnik va\u0161ega razvoja\",\"publisher\":{\"@id\":\"https:\\\/\\\/maitim.si\\\/#organization\"},\"potentialAction\":[{\"@type\":\"SearchAction\",\"target\":{\"@type\":\"EntryPoint\",\"urlTemplate\":\"https:\\\/\\\/maitim.si\\\/?s={search_term_string}\"},\"query-input\":{\"@type\":\"PropertyValueSpecification\",\"valueRequired\":true,\"valueName\":\"search_term_string\"}}],\"inLanguage\":\"hr\"},{\"@type\":\"Organization\",\"@id\":\"https:\\\/\\\/maitim.si\\\/#organization\",\"name\":\"MAITIM d.o.o.\",\"url\":\"https:\\\/\\\/maitim.si\\\/\",\"logo\":{\"@type\":\"ImageObject\",\"inLanguage\":\"hr\",\"@id\":\"https:\\\/\\\/maitim.si\\\/#\\\/schema\\\/logo\\\/image\\\/\",\"url\":\"https:\\\/\\\/maitim.si\\\/wp-content\\\/uploads\\\/2021\\\/02\\\/Image1.jpg\",\"contentUrl\":\"https:\\\/\\\/maitim.si\\\/wp-content\\\/uploads\\\/2021\\\/02\\\/Image1.jpg\",\"width\":300,\"height\":300,\"caption\":\"MAITIM d.o.o.\"},\"image\":{\"@id\":\"https:\\\/\\\/maitim.si\\\/#\\\/schema\\\/logo\\\/image\\\/\"},\"sameAs\":[\"https:\\\/\\\/www.facebook.com\\\/maitimcomputers\",\"https:\\\/\\\/www.linkedin.com\\\/company\\\/maitim-d-o-o\\\/\"]}]}<\/script>\n<!-- \/ Yoast SEO plugin. -->","yoast_head_json":{"title":"Politika privatnosti - Maitim","robots":{"index":"index","follow":"follow","max-snippet":"max-snippet:-1","max-image-preview":"max-image-preview:large","max-video-preview":"max-video-preview:-1"},"canonical":"https:\/\/maitim.si\/politika-zasebnosti\/","og_locale":"hr_HR","og_type":"article","og_title":"Politika privatnosti - Maitim","og_description":"Politika privatnosti Politika privatnosti Zadnje a\u017euriranje: 20. 11. 2025 Dobrodo\u0161li na web stranicu maitim.si. Va\u0161a privatnost nam je izuzetno va\u017ena. Ova Politika privatnosti obja\u0161njava kako prikupljamo, koristimo, otkrivamo i \u0161titimo va\u0161e osobne podatke kada posjetite na\u0161u web stranicu, preuzmete besplatnu e-knjigu ili ispunite neki od na\u0161ih obrazaca. 1. Koje osobne podatke prikupljamo Prilikom ispunjavanja obrazaca [&hellip;]","og_url":"https:\/\/maitim.si\/politika-zasebnosti\/","og_site_name":"Maitim","article_publisher":"https:\/\/www.facebook.com\/maitimcomputers","article_modified_time":"2025-11-20T14:07:31+00:00","twitter_card":"summary_large_image","twitter_misc":{"Procijenjeno vrijeme \u010ditanja":"2 minute"},"schema":{"@context":"https:\/\/schema.org","@graph":[{"@type":"WebPage","@id":"https:\/\/maitim.si\/politika-zasebnosti\/","url":"https:\/\/maitim.si\/politika-zasebnosti\/","name":"Politika privatnosti - Maitim","isPartOf":{"@id":"https:\/\/maitim.si\/#website"},"datePublished":"2023-12-07T12:57:09+00:00","dateModified":"2025-11-20T14:07:31+00:00","breadcrumb":{"@id":"https:\/\/maitim.si\/politika-zasebnosti\/#breadcrumb"},"inLanguage":"hr","potentialAction":[{"@type":"ReadAction","target":["https:\/\/maitim.si\/politika-zasebnosti\/"]}]},{"@type":"BreadcrumbList","@id":"https:\/\/maitim.si\/politika-zasebnosti\/#breadcrumb","itemListElement":[{"@type":"ListItem","position":1,"name":"Home","item":"https:\/\/maitim.si\/"},{"@type":"ListItem","position":2,"name":"Politika privatnosti"}]},{"@type":"WebSite","@id":"https:\/\/maitim.si\/#website","url":"https:\/\/maitim.si\/","name":"Maitim","description":"Sopotnik va\u0161ega razvoja","publisher":{"@id":"https:\/\/maitim.si\/#organization"},"potentialAction":[{"@type":"SearchAction","target":{"@type":"EntryPoint","urlTemplate":"https:\/\/maitim.si\/?s={search_term_string}"},"query-input":{"@type":"PropertyValueSpecification","valueRequired":true,"valueName":"search_term_string"}}],"inLanguage":"hr"},{"@type":"Organization","@id":"https:\/\/maitim.si\/#organization","name":"MAITIM d.o.o.","url":"https:\/\/maitim.si\/","logo":{"@type":"ImageObject","inLanguage":"hr","@id":"https:\/\/maitim.si\/#\/schema\/logo\/image\/","url":"https:\/\/maitim.si\/wp-content\/uploads\/2021\/02\/Image1.jpg","contentUrl":"https:\/\/maitim.si\/wp-content\/uploads\/2021\/02\/Image1.jpg","width":300,"height":300,"caption":"MAITIM d.o.o."},"image":{"@id":"https:\/\/maitim.si\/#\/schema\/logo\/image\/"},"sameAs":["https:\/\/www.facebook.com\/maitimcomputers","https:\/\/www.linkedin.com\/company\/maitim-d-o-o\/"]}]}},"_links":{"self":[{"href":"https:\/\/maitim.si\/hr\/wp-json\/wp\/v2\/pages\/38874","targetHints":{"allow":["GET"]}}],"collection":[{"href":"https:\/\/maitim.si\/hr\/wp-json\/wp\/v2\/pages"}],"about":[{"href":"https:\/\/maitim.si\/hr\/wp-json\/wp\/v2\/types\/page"}],"author":[{"embeddable":true,"href":"https:\/\/maitim.si\/hr\/wp-json\/wp\/v2\/users\/1"}],"replies":[{"embeddable":true,"href":"https:\/\/maitim.si\/hr\/wp-json\/wp\/v2\/comments?post=38874"}],"version-history":[{"count":4,"href":"https:\/\/maitim.si\/hr\/wp-json\/wp\/v2\/pages\/38874\/revisions"}],"predecessor-version":[{"id":47001,"href":"https:\/\/maitim.si\/hr\/wp-json\/wp\/v2\/pages\/38874\/revisions\/47001"}],"wp:attachment":[{"href":"https:\/\/maitim.si\/hr\/wp-json\/wp\/v2\/media?parent=38874"}],"curies":[{"name":"wp","href":"https:\/\/api.w.org\/{rel}","templated":true}]}}