{"id":38904,"date":"2021-04-09T12:34:05","date_gmt":"2021-04-09T10:34:05","guid":{"rendered":"https:\/\/maitim.si\/kolacici\/"},"modified":"2025-09-26T09:05:17","modified_gmt":"2025-09-26T07:05:17","slug":"kolacici","status":"publish","type":"page","link":"https:\/\/maitim.si\/hr\/kolacici\/","title":{"rendered":"Kola\u010di\u0107i"},"content":{"rendered":"\t\t<div data-elementor-type=\"wp-page\" data-elementor-id=\"38904\" class=\"elementor elementor-38904 elementor-27833\">\n\t\t\t\t\t\t<section class=\"elementor-section elementor-top-section elementor-element elementor-element-16bed08 elementor-section-height-min-height elementor-section-boxed elementor-section-height-default elementor-section-items-middle jltma-glass-effect-no\" data-id=\"16bed08\" data-element_type=\"section\" data-settings=\"{&quot;background_background&quot;:&quot;classic&quot;}\">\n\t\t\t\t\t\t\t<div class=\"elementor-background-overlay\"><\/div>\n\t\t\t\t\t\t\t<div class=\"elementor-container elementor-column-gap-default\">\n\t\t\t\t\t<div class=\"elementor-column elementor-col-50 elementor-top-column elementor-element elementor-element-12316ad jltma-glass-effect-no\" data-id=\"12316ad\" data-element_type=\"column\">\n\t\t\t<div class=\"elementor-widget-wrap elementor-element-populated\">\n\t\t\t\t\t\t<div class=\"elementor-element elementor-element-807a010 jltma-glass-effect-no elementor-invisible elementor-widget elementor-widget-heading\" data-id=\"807a010\" data-element_type=\"widget\" data-settings=\"{&quot;_animation&quot;:&quot;fadeIn&quot;,&quot;_animation_delay&quot;:100}\" data-widget_type=\"heading.default\">\n\t\t\t\t<div class=\"elementor-widget-container\">\n\t\t\t\t\t<h1 class=\"elementor-heading-title elementor-size-default\">Web kola\u010di\u0107i<\/h1>\t\t\t\t<\/div>\n\t\t\t\t<\/div>\n\t\t\t\t<div class=\"elementor-element elementor-element-5488498 jltma-glass-effect-no elementor-widget elementor-widget-text-editor\" data-id=\"5488498\" data-element_type=\"widget\" data-widget_type=\"text-editor.default\">\n\t\t\t\t<div class=\"elementor-widget-container\">\n\t\t\t\t\t\t\t\t\t<p>Za bolje korisni\u010dko iskustvo.<\/p>\n\t\t\t\t\t\t\t\t<\/div>\n\t\t\t\t<\/div>\n\t\t\t\t\t<\/div>\n\t\t<\/div>\n\t\t\t\t<div class=\"elementor-column elementor-col-50 elementor-top-column elementor-element elementor-element-109e838 elementor-hidden-mobile jltma-glass-effect-no\" data-id=\"109e838\" data-element_type=\"column\">\n\t\t\t<div class=\"elementor-widget-wrap\">\n\t\t\t\t\t\t\t<\/div>\n\t\t<\/div>\n\t\t\t\t\t<\/div>\n\t\t<\/section>\n\t\t\t\t<section class=\"elementor-section elementor-inner-section elementor-element elementor-element-1079d68d elementor-section-boxed elementor-section-height-default elementor-section-height-default jltma-glass-effect-no\" data-id=\"1079d68d\" data-element_type=\"section\" data-settings=\"{&quot;background_background&quot;:&quot;classic&quot;}\">\n\t\t\t\t\t\t<div class=\"elementor-container elementor-column-gap-default\">\n\t\t\t\t\t<div class=\"elementor-column elementor-col-100 elementor-inner-column elementor-element elementor-element-29682b14 jltma-glass-effect-no elementor-invisible\" data-id=\"29682b14\" data-element_type=\"column\" data-settings=\"{&quot;animation&quot;:&quot;fadeIn&quot;}\">\n\t\t\t<div class=\"elementor-widget-wrap elementor-element-populated\">\n\t\t\t\t\t\t<div class=\"elementor-element elementor-element-f71a05e jltma-glass-effect-no elementor-widget elementor-widget-spacer\" data-id=\"f71a05e\" data-element_type=\"widget\" data-widget_type=\"spacer.default\">\n\t\t\t\t<div class=\"elementor-widget-container\">\n\t\t\t\t\t\t\t<div class=\"elementor-spacer\">\n\t\t\t<div class=\"elementor-spacer-inner\"><\/div>\n\t\t<\/div>\n\t\t\t\t\t\t<\/div>\n\t\t\t\t<\/div>\n\t\t\t\t<div class=\"elementor-element elementor-element-02d412c jltma-glass-effect-no elementor-widget elementor-widget-text-editor\" data-id=\"02d412c\" data-element_type=\"widget\" data-widget_type=\"text-editor.default\">\n\t\t\t\t<div class=\"elementor-widget-container\">\n\t\t\t\t\t\t\t\t\t<p><span class=\"jCAhz ChMk0b\"><span class=\"ryNqvb\">Kako bismo pobolj\u0161ali Va\u0161e korisni\u010dko iskustvo na na\u0161oj web stranici i u\u010dinili ga ugodnijim, koristimo tehnologiju &#8220;kola\u010di\u0107a&#8221;.<\/span><\/span><\/p>\n<p><span class=\"jCAhz ChMk0b\"><span class=\"ryNqvb\"><strong>datum stupanja na snagu:<\/strong> 15.<\/span><\/span> <span class=\"jCAhz JpY6Fd\"><span class=\"ryNqvb\">01. 2021<\/span><\/span><\/p>\n<p><span class=\"jCAhz ChMk0b\"><span class=\"ryNqvb\"><strong>zadnje a\u017euriranje:<\/strong> 15.01.2024<\/span><\/span><\/p>\n<p><span class=\"jCAhz ChMk0b\"><span class=\"ryNqvb\">Ova politika web kola\u010di\u0107a obja\u0161njava \u0161to su kola\u010di\u0107i i kako ih koristimo, vrste kola\u010di\u0107a koje koristimo (tj. informacije koje prikupljamo putem kola\u010di\u0107a i kako se te informacije koriste) i kako upravljati postavkama kola\u010di\u0107a.<\/span><\/span><\/p>\n<p><span class=\"jCAhz ChMk0b\"><span class=\"ryNqvb\">Vi\u0161e informacija o kola\u010di\u0107ima i njihovom utjecaju na <a href=\"http:\/\/www.aboutcookies.org\">www.aboutcookies.org<\/a>.<\/span><\/span><\/p>\n\t\t\t\t\t\t\t\t<\/div>\n\t\t\t\t<\/div>\n\t\t\t\t<div class=\"elementor-element elementor-element-74d268b9 elementor-widget-divider--view-line jltma-glass-effect-no elementor-widget elementor-widget-divider\" data-id=\"74d268b9\" data-element_type=\"widget\" data-widget_type=\"divider.default\">\n\t\t\t\t<div class=\"elementor-widget-container\">\n\t\t\t\t\t\t\t<div class=\"elementor-divider\">\n\t\t\t<span class=\"elementor-divider-separator\">\n\t\t\t\t\t\t<\/span>\n\t\t<\/div>\n\t\t\t\t\t\t<\/div>\n\t\t\t\t<\/div>\n\t\t\t\t<div class=\"elementor-element elementor-element-7caa31e jltma-glass-effect-no elementor-widget elementor-widget-heading\" data-id=\"7caa31e\" data-element_type=\"widget\" data-widget_type=\"heading.default\">\n\t\t\t\t<div class=\"elementor-widget-container\">\n\t\t\t\t\t<h2 class=\"elementor-heading-title elementor-size-default\">\u0160to su kola\u010di\u0107i?<\/h2>\t\t\t\t<\/div>\n\t\t\t\t<\/div>\n\t\t\t\t<div class=\"elementor-element elementor-element-fddadd1 jltma-glass-effect-no elementor-widget elementor-widget-text-editor\" data-id=\"fddadd1\" data-element_type=\"widget\" data-widget_type=\"text-editor.default\">\n\t\t\t\t<div class=\"elementor-widget-container\">\n\t\t\t\t\t\t\t\t\t<p><span class=\"jCAhz ChMk0b\"><span class=\"ryNqvb\">Kola\u010di\u0107i su male podatkovne jedinice koje omogu\u0107uju usporedbu izme\u0111u novih i prethodnih posjetitelja, \u0161to nam poma\u017ee razumjeti kako korisnici koriste na\u0161u stranicu.<\/span><\/span> <span class=\"jCAhz ChMk0b\"><span class=\"ryNqvb\">Ovi nam podaci omogu\u0107uju pobolj\u0161anje budu\u0107ih posjeta i korisni\u010dkog iskustva.<\/span><\/span> <span class=\"jCAhz ChMk0b\"><span class=\"ryNqvb\">Pohranjuju se na va\u0161em ure\u0111aju kada se web stranica u\u010dita u va\u0161 preglednik.<\/span><\/span><\/p>\n\t\t\t\t\t\t\t\t<\/div>\n\t\t\t\t<\/div>\n\t\t\t\t<div class=\"elementor-element elementor-element-298e691 jltma-glass-effect-no elementor-widget elementor-widget-image\" data-id=\"298e691\" data-element_type=\"widget\" data-widget_type=\"image.default\">\n\t\t\t\t<div class=\"elementor-widget-container\">\n\t\t\t\t\t\t\t\t\t\t\t\t\t\t\t<img decoding=\"async\" width=\"150\" height=\"150\" src=\"https:\/\/maitim.si\/wp-content\/uploads\/2024\/01\/Spletni-piskotki-politika-Kofra-livarna-doo-150x150.png\" class=\"attachment-thumbnail size-thumbnail wp-image-33287\" alt=\"\" srcset=\"https:\/\/maitim.si\/wp-content\/uploads\/2024\/01\/Spletni-piskotki-politika-Kofra-livarna-doo-150x150.png 150w, https:\/\/maitim.si\/wp-content\/uploads\/2024\/01\/Spletni-piskotki-politika-Kofra-livarna-doo-300x300.png 300w, https:\/\/maitim.si\/wp-content\/uploads\/2024\/01\/Spletni-piskotki-politika-Kofra-livarna-doo-100x100.png 100w\" sizes=\"(max-width: 150px) 100vw, 150px\" \/>\t\t\t\t\t\t\t\t\t\t\t\t\t\t\t<\/div>\n\t\t\t\t<\/div>\n\t\t\t\t<div class=\"elementor-element elementor-element-d4c66c1 jltma-glass-effect-no elementor-widget elementor-widget-heading\" data-id=\"d4c66c1\" data-element_type=\"widget\" data-widget_type=\"heading.default\">\n\t\t\t\t<div class=\"elementor-widget-container\">\n\t\t\t\t\t<h2 class=\"elementor-heading-title elementor-size-default\">Za\u0161to i kako koristimo kola\u010di\u0107e?<\/h2>\t\t\t\t<\/div>\n\t\t\t\t<\/div>\n\t\t\t\t<div class=\"elementor-element elementor-element-3e2f7e2 jltma-glass-effect-no elementor-widget elementor-widget-text-editor\" data-id=\"3e2f7e2\" data-element_type=\"widget\" data-widget_type=\"text-editor.default\">\n\t\t\t\t<div class=\"elementor-widget-container\">\n\t\t\t\t\t\t\t\t\t<p><span class=\"jCAhz ChMk0b\"><span class=\"ryNqvb\">Koristimo kola\u010di\u0107e kako bismo pobolj\u0161ali korisni\u010dko iskustvo na\u0161ih posjetitelja.<\/span><\/span> <span class=\"jCAhz ChMk0b\"><span class=\"ryNqvb\">Koristimo ih kako bismo saznali koji sadr\u017eaj na na\u0161oj web stranici vas zanima, kako bismo vam mogli ponuditi relevantnije informacije prilikom va\u0161eg sljede\u0107eg posjeta.<\/span><\/span> <span class=\"jCAhz ChMk0b\"><span class=\"ryNqvb\">Kola\u010di\u0107i ne sadr\u017ee podatke koji bi omogu\u0107ili identifikaciju pojedinaca, jer koristimo samo \u0161ifrirane podatke dobivene kola\u010di\u0107ima.<\/span><\/span> <span class=\"jCAhz ChMk0b\"><span class=\"ryNqvb\">Kola\u010di\u0107i nam tako\u0111er poma\u017eu da web stranica radi ispravno.<\/span><\/span> <span class=\"jCAhz ChMk0b\"><span class=\"ryNqvb\">\u010cine je sigurnijom, pru\u017eaju bolje korisni\u010dko iskustvo i poma\u017eu nam razumjeti kako web stranica funkcionira te analizirati \u0161to radi i gdje su potrebna pobolj\u0161anja.<\/span><\/span><\/p>\n\t\t\t\t\t\t\t\t<\/div>\n\t\t\t\t<\/div>\n\t\t\t\t<div class=\"elementor-element elementor-element-8cea467 jltma-glass-effect-no elementor-widget elementor-widget-heading\" data-id=\"8cea467\" data-element_type=\"widget\" data-widget_type=\"heading.default\">\n\t\t\t\t<div class=\"elementor-widget-container\">\n\t\t\t\t\t<h2 class=\"elementor-heading-title elementor-size-default\">Vrste kola\u010di\u0107a koje koristimo i postavke kola\u010di\u0107a:<\/h2>\t\t\t\t<\/div>\n\t\t\t\t<\/div>\n\t\t\t\t<div class=\"elementor-element elementor-element-d176422 jltma-glass-effect-no elementor-widget elementor-widget-text-editor\" data-id=\"d176422\" data-element_type=\"widget\" data-widget_type=\"text-editor.default\">\n\t\t\t\t<div class=\"elementor-widget-container\">\n\t\t\t\t\t\t\t\t\t<p><strong>Nu\u017eni:<\/strong> Neki kola\u010di\u0107i su nu\u017eni kako biste u potpunosti mogli iskusiti funkcionalnosti na\u0161e web stranice. Omogu\u0107uju nam odr\u017eavanje korisni\u010dkih sesija i sprje\u010davaju potencijalne sigurnosne prijetnje. Ne prikupljaju niti pohranjuju nikakve osobne podatke. Na primjer, omogu\u0107uju vam prijavu na va\u0161 ra\u010dun, dodavanje proizvoda u ko\u0161aricu i sigurno dovr\u0161avanje kupnje.<\/p>\n<p><strong>Statistika:<\/strong> Ovi kola\u010di\u0107i pohranjuju informacije poput broja posjetitelja na web stranici, broja jedinstvenih posjetitelja, koje su stranice posje\u0107ene, izvor posjete itd. Ovi podaci poma\u017eu nam razumjeti i analizirati kako web stranica funkcionira i gdje su potrebna pobolj\u0161anja.<\/p>\n<p><strong>Ogla\u0161avanje:<\/strong> Na\u0161a web stranica prikazuje oglase. Ovi kola\u010di\u0107i koriste se za prilagodbu oglasa koje vam prikazujemo kako bi vam bili relevantni. Tako\u0111er nam poma\u017eu pratiti u\u010dinkovitost tih ogla\u0161iva\u010dkih kampanja. Informacije pohranjene u tim kola\u010di\u0107ima mogu koristiti i pru\u017eatelji tre\u0107ih strana kako bi vam prikazali oglase na drugim web stranicama u pregledniku.<\/p>\n<p><strong>Funkcionalnost:<\/strong> Ovo su kola\u010di\u0107i koji poma\u017eu odre\u0111enim neobveznim funkcionalnostima na\u0161e web stranice. Te funkcionalnosti uklju\u010duju ugra\u0111ivanje sadr\u017eaja poput videozapisa ili dijeljenje sadr\u017eaja web stranice na dru\u0161tvenim mre\u017eama.<\/p>\n<p><strong>Postavke:<\/strong> Ovi kola\u010di\u0107i poma\u017eu nam pohraniti va\u0161e postavke i preferencije, poput jezi\u010dnih postavki, kako biste imali bolje i u\u010dinkovitije iskustvo pri budu\u0107im posjetima web stranici. <\/p>\n\t\t\t\t\t\t\t\t<\/div>\n\t\t\t\t<\/div>\n\t\t\t\t<div class=\"elementor-element elementor-element-29e1e19 jltma-glass-effect-no elementor-widget elementor-widget-heading\" data-id=\"29e1e19\" data-element_type=\"widget\" data-widget_type=\"heading.default\">\n\t\t\t\t<div class=\"elementor-widget-container\">\n\t\t\t\t\t<h2 class=\"elementor-heading-title elementor-size-default\">Za\u0161to omogu\u0107iti kola\u010di\u0107e?<\/h2>\t\t\t\t<\/div>\n\t\t\t\t<\/div>\n\t\t\t\t<div class=\"elementor-element elementor-element-506572f jltma-glass-effect-no elementor-widget elementor-widget-text-editor\" data-id=\"506572f\" data-element_type=\"widget\" data-widget_type=\"text-editor.default\">\n\t\t\t\t<div class=\"elementor-widget-container\">\n\t\t\t\t\t\t\t\t\t<p><span class=\"jCAhz ChMk0b\"><span class=\"ryNqvb\">Kako biste u potpunosti iskoristili funkcionalnosti i sadr\u017eaj na\u0161e web stranice, preporu\u010damo omogu\u0107iti kola\u010di\u0107e.<\/span><\/span> <span class=\"jCAhz ChMk0b\"><span class=\"ryNqvb\">Bez njih, va\u0161 \u0107e posjet biti ograni\u010den u funkcionalnosti i korisni\u010dkom iskustvu.<\/span><\/span><\/p>\n\t\t\t\t\t\t\t\t<\/div>\n\t\t\t\t<\/div>\n\t\t\t\t\t<\/div>\n\t\t<\/div>\n\t\t\t\t\t<\/div>\n\t\t<\/section>\n\t\t\t\t<\/div>\n\t\t","protected":false},"excerpt":{"rendered":"<p>Web kola\u010di\u0107i Za bolje korisni\u010dko iskustvo. Kako bismo pobolj\u0161ali Va\u0161e korisni\u010dko iskustvo na na\u0161oj web stranici i u\u010dinili ga ugodnijim, koristimo tehnologiju &#8220;kola\u010di\u0107a&#8221;. datum stupanja na snagu: 15. 01. 2021 zadnje a\u017euriranje: 15.01.2024 Ova politika web kola\u010di\u0107a obja\u0161njava \u0161to su kola\u010di\u0107i i kako ih koristimo, vrste kola\u010di\u0107a koje koristimo (tj. informacije koje prikupljamo putem kola\u010di\u0107a [&hellip;]<\/p>\n","protected":false},"author":1,"featured_media":0,"parent":0,"menu_order":0,"comment_status":"closed","ping_status":"closed","template":"elementor_theme","meta":{"site-sidebar-layout":"no-sidebar","site-content-layout":"page-builder","ast-site-content-layout":"","site-content-style":"default","site-sidebar-style":"default","ast-global-header-display":"","ast-banner-title-visibility":"","ast-main-header-display":"","ast-hfb-above-header-display":"","ast-hfb-below-header-display":"","ast-hfb-mobile-header-display":"","site-post-title":"disabled","ast-breadcrumbs-content":"","ast-featured-img":"disabled","footer-sml-layout":"","theme-transparent-header-meta":"default","adv-header-id-meta":"","stick-header-meta":"","header-above-stick-meta":"","header-main-stick-meta":"","header-below-stick-meta":"","astra-migrate-meta-layouts":"default","ast-page-background-enabled":"default","ast-page-background-meta":{"desktop":{"background-color":"","background-image":"","background-repeat":"repeat","background-position":"center center","background-size":"auto","background-attachment":"scroll","background-type":"","background-media":"","overlay-type":"","overlay-color":"","overlay-gradient":""},"tablet":{"background-color":"","background-image":"","background-repeat":"repeat","background-position":"center center","background-size":"auto","background-attachment":"scroll","background-type":"","background-media":"","overlay-type":"","overlay-color":"","overlay-gradient":""},"mobile":{"background-color":"","background-image":"","background-repeat":"repeat","background-position":"center center","background-size":"auto","background-attachment":"scroll","background-type":"","background-media":"","overlay-type":"","overlay-color":"","overlay-gradient":""}},"ast-content-background-meta":{"desktop":{"background-color":"var(--ast-global-color-5)","background-image":"","background-repeat":"repeat","background-position":"center center","background-size":"auto","background-attachment":"scroll","background-type":"","background-media":"","overlay-type":"","overlay-color":"","overlay-gradient":""},"tablet":{"background-color":"var(--ast-global-color-5)","background-image":"","background-repeat":"repeat","background-position":"center center","background-size":"auto","background-attachment":"scroll","background-type":"","background-media":"","overlay-type":"","overlay-color":"","overlay-gradient":""},"mobile":{"background-color":"var(--ast-global-color-5)","background-image":"","background-repeat":"repeat","background-position":"center center","background-size":"auto","background-attachment":"scroll","background-type":"","background-media":"","overlay-type":"","overlay-color":"","overlay-gradient":""}},"footnotes":""},"class_list":["post-38904","page","type-page","status-publish","hentry"],"yoast_head":"<!-- This site is optimized with the Yoast SEO plugin v27.3 - https:\/\/yoast.com\/product\/yoast-seo-wordpress\/ -->\n<title>Kola\u010di\u0107i - Maitim<\/title>\n<meta name=\"robots\" content=\"index, follow, max-snippet:-1, max-image-preview:large, max-video-preview:-1\" \/>\n<link rel=\"canonical\" href=\"https:\/\/maitim.si\/piskotki\/\" \/>\n<meta property=\"og:locale\" content=\"hr_HR\" \/>\n<meta property=\"og:type\" content=\"article\" \/>\n<meta property=\"og:title\" content=\"Kola\u010di\u0107i - Maitim\" \/>\n<meta property=\"og:description\" content=\"Web kola\u010di\u0107i Za bolje korisni\u010dko iskustvo. Kako bismo pobolj\u0161ali Va\u0161e korisni\u010dko iskustvo na na\u0161oj web stranici i u\u010dinili ga ugodnijim, koristimo tehnologiju &#8220;kola\u010di\u0107a&#8221;. datum stupanja na snagu: 15. 01. 2021 zadnje a\u017euriranje: 15.01.2024 Ova politika web kola\u010di\u0107a obja\u0161njava \u0161to su kola\u010di\u0107i i kako ih koristimo, vrste kola\u010di\u0107a koje koristimo (tj. informacije koje prikupljamo putem kola\u010di\u0107a [&hellip;]\" \/>\n<meta property=\"og:url\" content=\"https:\/\/maitim.si\/piskotki\/\" \/>\n<meta property=\"og:site_name\" content=\"Maitim\" \/>\n<meta property=\"article:publisher\" content=\"https:\/\/www.facebook.com\/maitimcomputers\" \/>\n<meta property=\"article:modified_time\" content=\"2025-09-26T07:05:17+00:00\" \/>\n<meta property=\"og:image\" content=\"https:\/\/maitim.si\/wp-content\/uploads\/2024\/01\/Spletni-piskotki-politika-Kofra-livarna-doo.png\" \/>\n\t<meta property=\"og:image:width\" content=\"502\" \/>\n\t<meta property=\"og:image:height\" content=\"512\" \/>\n\t<meta property=\"og:image:type\" content=\"image\/png\" \/>\n<meta name=\"twitter:card\" content=\"summary_large_image\" \/>\n<meta name=\"twitter:label1\" content=\"Procijenjeno vrijeme \u010ditanja\" \/>\n\t<meta name=\"twitter:data1\" content=\"3 minute\" \/>\n<script type=\"application\/ld+json\" class=\"yoast-schema-graph\">{\"@context\":\"https:\\\/\\\/schema.org\",\"@graph\":[{\"@type\":\"WebPage\",\"@id\":\"https:\\\/\\\/maitim.si\\\/piskotki\\\/\",\"url\":\"https:\\\/\\\/maitim.si\\\/piskotki\\\/\",\"name\":\"Kola\u010di\u0107i - Maitim\",\"isPartOf\":{\"@id\":\"https:\\\/\\\/maitim.si\\\/#website\"},\"primaryImageOfPage\":{\"@id\":\"https:\\\/\\\/maitim.si\\\/piskotki\\\/#primaryimage\"},\"image\":{\"@id\":\"https:\\\/\\\/maitim.si\\\/piskotki\\\/#primaryimage\"},\"thumbnailUrl\":\"https:\\\/\\\/maitim.si\\\/wp-content\\\/uploads\\\/2024\\\/01\\\/Spletni-piskotki-politika-Kofra-livarna-doo-150x150.png\",\"datePublished\":\"2021-04-09T10:34:05+00:00\",\"dateModified\":\"2025-09-26T07:05:17+00:00\",\"breadcrumb\":{\"@id\":\"https:\\\/\\\/maitim.si\\\/piskotki\\\/#breadcrumb\"},\"inLanguage\":\"hr\",\"potentialAction\":[{\"@type\":\"ReadAction\",\"target\":[\"https:\\\/\\\/maitim.si\\\/piskotki\\\/\"]}]},{\"@type\":\"ImageObject\",\"inLanguage\":\"hr\",\"@id\":\"https:\\\/\\\/maitim.si\\\/piskotki\\\/#primaryimage\",\"url\":\"https:\\\/\\\/maitim.si\\\/wp-content\\\/uploads\\\/2024\\\/01\\\/Spletni-piskotki-politika-Kofra-livarna-doo-150x150.png\",\"contentUrl\":\"https:\\\/\\\/maitim.si\\\/wp-content\\\/uploads\\\/2024\\\/01\\\/Spletni-piskotki-politika-Kofra-livarna-doo-150x150.png\"},{\"@type\":\"BreadcrumbList\",\"@id\":\"https:\\\/\\\/maitim.si\\\/piskotki\\\/#breadcrumb\",\"itemListElement\":[{\"@type\":\"ListItem\",\"position\":1,\"name\":\"Home\",\"item\":\"https:\\\/\\\/maitim.si\\\/\"},{\"@type\":\"ListItem\",\"position\":2,\"name\":\"Kola\u010di\u0107i\"}]},{\"@type\":\"WebSite\",\"@id\":\"https:\\\/\\\/maitim.si\\\/#website\",\"url\":\"https:\\\/\\\/maitim.si\\\/\",\"name\":\"Maitim\",\"description\":\"Sopotnik va\u0161ega razvoja\",\"publisher\":{\"@id\":\"https:\\\/\\\/maitim.si\\\/#organization\"},\"potentialAction\":[{\"@type\":\"SearchAction\",\"target\":{\"@type\":\"EntryPoint\",\"urlTemplate\":\"https:\\\/\\\/maitim.si\\\/?s={search_term_string}\"},\"query-input\":{\"@type\":\"PropertyValueSpecification\",\"valueRequired\":true,\"valueName\":\"search_term_string\"}}],\"inLanguage\":\"hr\"},{\"@type\":\"Organization\",\"@id\":\"https:\\\/\\\/maitim.si\\\/#organization\",\"name\":\"MAITIM d.o.o.\",\"url\":\"https:\\\/\\\/maitim.si\\\/\",\"logo\":{\"@type\":\"ImageObject\",\"inLanguage\":\"hr\",\"@id\":\"https:\\\/\\\/maitim.si\\\/#\\\/schema\\\/logo\\\/image\\\/\",\"url\":\"https:\\\/\\\/maitim.si\\\/wp-content\\\/uploads\\\/2021\\\/02\\\/Image1.jpg\",\"contentUrl\":\"https:\\\/\\\/maitim.si\\\/wp-content\\\/uploads\\\/2021\\\/02\\\/Image1.jpg\",\"width\":300,\"height\":300,\"caption\":\"MAITIM d.o.o.\"},\"image\":{\"@id\":\"https:\\\/\\\/maitim.si\\\/#\\\/schema\\\/logo\\\/image\\\/\"},\"sameAs\":[\"https:\\\/\\\/www.facebook.com\\\/maitimcomputers\",\"https:\\\/\\\/www.linkedin.com\\\/company\\\/maitim-d-o-o\\\/\"]}]}<\/script>\n<!-- \/ Yoast SEO plugin. -->","yoast_head_json":{"title":"Kola\u010di\u0107i - Maitim","robots":{"index":"index","follow":"follow","max-snippet":"max-snippet:-1","max-image-preview":"max-image-preview:large","max-video-preview":"max-video-preview:-1"},"canonical":"https:\/\/maitim.si\/piskotki\/","og_locale":"hr_HR","og_type":"article","og_title":"Kola\u010di\u0107i - Maitim","og_description":"Web kola\u010di\u0107i Za bolje korisni\u010dko iskustvo. Kako bismo pobolj\u0161ali Va\u0161e korisni\u010dko iskustvo na na\u0161oj web stranici i u\u010dinili ga ugodnijim, koristimo tehnologiju &#8220;kola\u010di\u0107a&#8221;. datum stupanja na snagu: 15. 01. 2021 zadnje a\u017euriranje: 15.01.2024 Ova politika web kola\u010di\u0107a obja\u0161njava \u0161to su kola\u010di\u0107i i kako ih koristimo, vrste kola\u010di\u0107a koje koristimo (tj. informacije koje prikupljamo putem kola\u010di\u0107a [&hellip;]","og_url":"https:\/\/maitim.si\/piskotki\/","og_site_name":"Maitim","article_publisher":"https:\/\/www.facebook.com\/maitimcomputers","article_modified_time":"2025-09-26T07:05:17+00:00","og_image":[{"width":502,"height":512,"url":"https:\/\/maitim.si\/wp-content\/uploads\/2024\/01\/Spletni-piskotki-politika-Kofra-livarna-doo.png","type":"image\/png"}],"twitter_card":"summary_large_image","twitter_misc":{"Procijenjeno vrijeme \u010ditanja":"3 minute"},"schema":{"@context":"https:\/\/schema.org","@graph":[{"@type":"WebPage","@id":"https:\/\/maitim.si\/piskotki\/","url":"https:\/\/maitim.si\/piskotki\/","name":"Kola\u010di\u0107i - Maitim","isPartOf":{"@id":"https:\/\/maitim.si\/#website"},"primaryImageOfPage":{"@id":"https:\/\/maitim.si\/piskotki\/#primaryimage"},"image":{"@id":"https:\/\/maitim.si\/piskotki\/#primaryimage"},"thumbnailUrl":"https:\/\/maitim.si\/wp-content\/uploads\/2024\/01\/Spletni-piskotki-politika-Kofra-livarna-doo-150x150.png","datePublished":"2021-04-09T10:34:05+00:00","dateModified":"2025-09-26T07:05:17+00:00","breadcrumb":{"@id":"https:\/\/maitim.si\/piskotki\/#breadcrumb"},"inLanguage":"hr","potentialAction":[{"@type":"ReadAction","target":["https:\/\/maitim.si\/piskotki\/"]}]},{"@type":"ImageObject","inLanguage":"hr","@id":"https:\/\/maitim.si\/piskotki\/#primaryimage","url":"https:\/\/maitim.si\/wp-content\/uploads\/2024\/01\/Spletni-piskotki-politika-Kofra-livarna-doo-150x150.png","contentUrl":"https:\/\/maitim.si\/wp-content\/uploads\/2024\/01\/Spletni-piskotki-politika-Kofra-livarna-doo-150x150.png"},{"@type":"BreadcrumbList","@id":"https:\/\/maitim.si\/piskotki\/#breadcrumb","itemListElement":[{"@type":"ListItem","position":1,"name":"Home","item":"https:\/\/maitim.si\/"},{"@type":"ListItem","position":2,"name":"Kola\u010di\u0107i"}]},{"@type":"WebSite","@id":"https:\/\/maitim.si\/#website","url":"https:\/\/maitim.si\/","name":"Maitim","description":"Sopotnik va\u0161ega razvoja","publisher":{"@id":"https:\/\/maitim.si\/#organization"},"potentialAction":[{"@type":"SearchAction","target":{"@type":"EntryPoint","urlTemplate":"https:\/\/maitim.si\/?s={search_term_string}"},"query-input":{"@type":"PropertyValueSpecification","valueRequired":true,"valueName":"search_term_string"}}],"inLanguage":"hr"},{"@type":"Organization","@id":"https:\/\/maitim.si\/#organization","name":"MAITIM d.o.o.","url":"https:\/\/maitim.si\/","logo":{"@type":"ImageObject","inLanguage":"hr","@id":"https:\/\/maitim.si\/#\/schema\/logo\/image\/","url":"https:\/\/maitim.si\/wp-content\/uploads\/2021\/02\/Image1.jpg","contentUrl":"https:\/\/maitim.si\/wp-content\/uploads\/2021\/02\/Image1.jpg","width":300,"height":300,"caption":"MAITIM d.o.o."},"image":{"@id":"https:\/\/maitim.si\/#\/schema\/logo\/image\/"},"sameAs":["https:\/\/www.facebook.com\/maitimcomputers","https:\/\/www.linkedin.com\/company\/maitim-d-o-o\/"]}]}},"_links":{"self":[{"href":"https:\/\/maitim.si\/hr\/wp-json\/wp\/v2\/pages\/38904","targetHints":{"allow":["GET"]}}],"collection":[{"href":"https:\/\/maitim.si\/hr\/wp-json\/wp\/v2\/pages"}],"about":[{"href":"https:\/\/maitim.si\/hr\/wp-json\/wp\/v2\/types\/page"}],"author":[{"embeddable":true,"href":"https:\/\/maitim.si\/hr\/wp-json\/wp\/v2\/users\/1"}],"replies":[{"embeddable":true,"href":"https:\/\/maitim.si\/hr\/wp-json\/wp\/v2\/comments?post=38904"}],"version-history":[{"count":0,"href":"https:\/\/maitim.si\/hr\/wp-json\/wp\/v2\/pages\/38904\/revisions"}],"wp:attachment":[{"href":"https:\/\/maitim.si\/hr\/wp-json\/wp\/v2\/media?parent=38904"}],"curies":[{"name":"wp","href":"https:\/\/api.w.org\/{rel}","templated":true}]}}